{"id":4097,"date":"2022-03-30T14:13:53","date_gmt":"2022-03-30T14:13:53","guid":{"rendered":"https:\/\/klockner.es\/?page_id=4097"},"modified":"2022-11-16T17:40:55","modified_gmt":"2022-11-16T17:40:55","slug":"aviso_legal","status":"publish","type":"page","link":"https:\/\/klockner.es\/pt-pt\/aviso_legal\/","title":{"rendered":"Aviso Legal"},"content":{"rendered":"\t\t<div data-elementor-type=\"wp-page\" data-elementor-id=\"4097\" class=\"elementor elementor-4097 elementor-552\" data-elementor-post-type=\"page\">\n\t\t\t\t\t\t<section class=\"elementor-section elementor-top-section elementor-element elementor-element-320d92d elementor-section-boxed elementor-section-height-default elementor-section-height-default\" data-id=\"320d92d\" data-element_type=\"section\" data-e-type=\"section\" data-settings=\"{&quot;background_background&quot;:&quot;classic&quot;,&quot;_ob_glider_is_slider&quot;:&quot;no&quot;}\">\n\t\t\t\t\t\t<div class=\"elementor-container elementor-column-gap-default\">\n\t\t\t\t\t<div class=\"elementor-column elementor-col-100 elementor-top-column elementor-element elementor-element-575da41\" data-id=\"575da41\" data-element_type=\"column\" data-e-type=\"column\" data-settings=\"{&quot;background_background&quot;:&quot;classic&quot;,&quot;_ob_column_hoveranimator&quot;:&quot;no&quot;,&quot;_ob_column_has_pseudo&quot;:&quot;no&quot;}\">\n\t\t\t<div class=\"elementor-widget-wrap elementor-element-populated\">\n\t\t\t\t\t\t<div class=\"elementor-element elementor-element-cbddaf5 ob-harakiri-inherit ob-has-background-overlay elementor-widget elementor-widget-heading\" data-id=\"cbddaf5\" data-element_type=\"widget\" data-e-type=\"widget\" data-settings=\"{&quot;_ob_use_harakiri&quot;:&quot;yes&quot;,&quot;_ob_harakiri_writing_mode&quot;:&quot;inherit&quot;,&quot;_ob_harakiri_text_clip&quot;:&quot;none&quot;,&quot;_ob_widget_stalker_use&quot;:&quot;no&quot;,&quot;_ob_poopart_use&quot;:&quot;yes&quot;,&quot;_ob_shadough_use&quot;:&quot;no&quot;,&quot;_ob_allow_hoveranimator&quot;:&quot;no&quot;}\" data-widget_type=\"heading.default\">\n\t\t\t\t<div class=\"elementor-widget-container\">\n\t\t\t\t\t<h1 class=\"elementor-heading-title elementor-size-default\">AVISO LEGAL E CONDI\u00c7\u00d5ES GERAIS DE USO<\/h1>\t\t\t\t<\/div>\n\t\t\t\t<\/div>\n\t\t\t\t<div class=\"elementor-element elementor-element-643c11f ob-harakiri-inherit ob-has-background-overlay elementor-widget elementor-widget-text-editor\" data-id=\"643c11f\" data-element_type=\"widget\" data-e-type=\"widget\" data-settings=\"{&quot;_ob_use_harakiri&quot;:&quot;yes&quot;,&quot;_ob_harakiri_writing_mode&quot;:&quot;inherit&quot;,&quot;_ob_postman_use&quot;:&quot;no&quot;,&quot;_ob_widget_stalker_use&quot;:&quot;no&quot;,&quot;_ob_poopart_use&quot;:&quot;yes&quot;,&quot;_ob_shadough_use&quot;:&quot;no&quot;,&quot;_ob_allow_hoveranimator&quot;:&quot;no&quot;}\" data-widget_type=\"text-editor.default\">\n\t\t\t\t<div class=\"elementor-widget-container\">\n\t\t\t\t\t\t\t\t\t<p>A Klockner SA, respons\u00e1vel por este site, coloca \u00e0 disposi\u00e7\u00e3o dos internautas este documento, cujo objetivo \u00e9 cumprir as obriga\u00e7\u00f5es estabelecidas no <a href=\"http:\/\/app.vlex.com\/#vid\/172670\" rel=\"nofollow noopener\" target=\"_blank\">Lei 34\/2002, de 11 de junho, sobre Servi\u00e7os da Sociedade da Informa\u00e7\u00e3o e Com\u00e9rcio Eletr\u00f4nico (LSSICE)<\/a> e outros regulamentos aplic\u00e1veis, bem como fornecer informa\u00e7\u00f5es sobre as condi\u00e7\u00f5es de uso.<\/p>\n<p><strong>I.- Informa\u00e7\u00e3o legal e aceita\u00e7\u00e3o.<\/strong><\/p>\n<p>Estas Condi\u00e7\u00f5es Gerais regulam o uso da p\u00e1gina web que faz parte do site que a Klockner SA p\u00f5e \u00e0 disposi\u00e7\u00e3o dos internautas. Qualquer pessoa que aceda ao website aceita, sem reservas, as Condi\u00e7\u00f5es Gerais em vigor a cada vez que aceda ao mesmo.  <\/p>\n<p>Consequentemente, o Usu\u00e1rio deve ler atentamente as Condi\u00e7\u00f5es Gerais cada vez que pretender utilizar o site da Klockner SA.<\/p>\n<p>Em qualquer caso, a Klockner SA reserva-se o direito de modificar, a qualquer momento e sem aviso pr\u00e9vio, a apresenta\u00e7\u00e3o e configura\u00e7\u00e3o do site, bem como as presentes Condi\u00e7\u00f5es Gerais.<\/p>\n<p><strong>II.- Identifica\u00e7\u00e3o e raz\u00e3o social.<\/strong><\/p>\n<p>A titular deste website \u00e9 a Klockner S.A., com NIF n\u00ba. A58325549, com sede em Paseo de la Castellana, 77, 28046 Madrid, Espanha, e inscrita no Registo Mercantil de Madrid, no Tomo 36616 F\u00f3lio 1, Folha n\u00ba M-656977. <\/p>\n<p>Voc\u00ea pode entrar em contato com a Klockner SA por e-mail no seguinte endere\u00e7o: klockner@klockner.es<\/p>\n<p><strong>III.- Usu\u00e1rios.<\/strong><\/p>\n<p>Qualquer pessoa, f\u00edsica ou jur\u00eddica, que acesse, navegue, utilize ou participe dos servi\u00e7os e atividades, gratuitas ou onerosas, desenvolvidas atrav\u00e9s desta p\u00e1gina web assume a condi\u00e7\u00e3o de USU\u00c1RIO, e como tal, atrav\u00e9s do referido acesso, compromete-se a observar e o estrito cumprimento do disposto no presente, bem como de qualquer outra disposi\u00e7\u00e3o legal que lhe seja aplic\u00e1vel, obrigando-se assim a fazer uma correcta utiliza\u00e7\u00e3o do website. O usu\u00e1rio responder\u00e1 perante a Klockner SA ou terceiros pelos danos e preju\u00edzos que possam ser causados \u200b\u200bpelo descumprimento de tal obriga\u00e7\u00e3o. <\/p>\n<p><strong>IV.- Modifica\u00e7\u00f5es.<\/strong><\/p>\n<p>A Klockner SA reserva-se o direito de efetuar unilateralmente as modifica\u00e7\u00f5es que julgar pertinentes em seu portal, podendo modificar, eliminar ou acrescentar tanto os conte\u00fados como os servi\u00e7os prestados atrav\u00e9s do mesmo, sem que haja qualquer obriga\u00e7\u00e3o de notificar ou informar os usu\u00e1rios. , entendendo-se como suficiente com a publica\u00e7\u00e3o no site do prestador.<\/p>\n<p>A dura\u00e7\u00e3o da presta\u00e7\u00e3o do servi\u00e7o do portal limita-se ao momento em que o utilizador se liga ao website ou a qualquer um dos servi\u00e7os por ele disponibilizados. Assim, o utilizador, sempre que pretenda utilizar o portal, dever\u00e1 ler atentamente este Aviso Legal, uma vez que o mesmo e as respetivas condi\u00e7\u00f5es de utiliza\u00e7\u00e3o poder\u00e3o ser alterados a qualquer momento. Assim, a vig\u00eancia das referidas condi\u00e7\u00f5es variar\u00e1 em fun\u00e7\u00e3o da sua exposi\u00e7\u00e3o e manter-se-\u00e1 enquanto forem devidamente publicadas, at\u00e9 serem substitu\u00eddas por outras.  <\/p>\n<p><strong>V.- Condi\u00e7\u00f5es de uso do site.<\/strong><\/p>\n<p>O objetivo destas condi\u00e7\u00f5es de uso e navega\u00e7\u00e3o \u00e9 regular a rela\u00e7\u00e3o entre o propriet\u00e1rio do site, Klockner SA, como prestador de servi\u00e7os, e os usu\u00e1rios que acessam, navegam e usufruem do servi\u00e7o oferecido.<\/p>\n<p><a href=\"http:\/\/www.klockner.es\/\">www.klockner.es<\/a> fornece acesso livre e aberto a uma grande quantidade de informa\u00e7\u00f5es, servi\u00e7os e dados (doravante, &#8220;os conte\u00fados&#8221;), cuja propriedade pertence \u00e0 Klockner SA ou seus licenciadores aos quais o usu\u00e1rio pode ter acesso.<\/p>\n<p>O utilizador assume a responsabilidade pela correta utiliza\u00e7\u00e3o do portal de acordo com a Lei e as presentes condi\u00e7\u00f5es, responsabilidade que se estende ao registo necess\u00e1rio para aceder a determinados servi\u00e7os e conte\u00fados que lhe sejam disponibilizados. O referido registo implica o preenchimento do respetivo formul\u00e1rio, no qual o utilizador garante a autenticidade e atualidade de todos os dados comunicados e compromete-se a n\u00e3o fornecer informa\u00e7\u00e3o ou documenta\u00e7\u00e3o falsa, fraudulenta ou il\u00edcita. Como resultado, pode surgir a cria\u00e7\u00e3o de uma senha que o usu\u00e1rio deve manter diligente e confidencialmente. O usu\u00e1rio ser\u00e1 o \u00fanico respons\u00e1vel por quaisquer declara\u00e7\u00f5es falsas ou inexatas que fizer e pelos preju\u00edzos causados \u200b\u200b\u00e0 Klockner SA ou a terceiros em virtude das informa\u00e7\u00f5es prestadas.   <\/p>\n<p>O usu\u00e1rio concorda expressamente em fazer um uso adequado dos conte\u00fados e servi\u00e7os oferecidos por www.klockner.es, de acordo com as disposi\u00e7\u00f5es da lei, da moral, da ordem p\u00fablica e destas condi\u00e7\u00f5es e, a t\u00edtulo de exemplo, mas n\u00e3o limitando, a n\u00e3o usar eles para:<\/p>\n<ul>\n<li>Divulgar conte\u00fados criminosos, violentos, pornogr\u00e1ficos, racistas, xen\u00f3fobos, ofensivos, de apoio ao terrorismo, que violem os direitos humanos ou, em geral, contr\u00e1rios \u00e0 lei ou \u00e0 ordem p\u00fablica.<\/li>\n<li>Introduzir intencionalmente na rede v\u00edrus inform\u00e1ticos ou realizar a\u00e7\u00f5es que possam alterar, estragar, interromper ou gerar erros ou danos nos sistemas f\u00edsicos e l\u00f3gicos da Klockner SA, criadora do site, ou de terceiros; bem como dificultar o acesso de outros usu\u00e1rios ao site e seus servi\u00e7os atrav\u00e9s do consumo massivo de recursos de inform\u00e1tica atrav\u00e9s dos quais a Klockner SA presta seus servi\u00e7os.<\/li>\n<li>Tente acessar as contas de e-mail de outros usu\u00e1rios ou \u00e1reas restritas dos sistemas de computador da Klockner SA ou de terceiros e, quando for o caso, extrair informa\u00e7\u00f5es.<\/li>\n<li>Violar os direitos de propriedade intelectual ou industrial, bem como divulgar, transmitir ou colocar \u00e0 disposi\u00e7\u00e3o de terceiros qualquer tipo de informa\u00e7\u00e3o, elemento ou conte\u00fado que suponha uma viola\u00e7\u00e3o do sigilo das comunica\u00e7\u00f5es e da legisla\u00e7\u00e3o sobre prote\u00e7\u00e3o de dados pessoais.<\/li>\n<li>Fazer-se passar pela identidade de outro utilizador, das administra\u00e7\u00f5es p\u00fablicas ou de terceiros, utilizando as suas chaves de registo nos diferentes servi\u00e7os e\/ou conte\u00fados do site.<\/li>\n<li>Reproduzir, copiar, distribuir, disponibilizar ou de qualquer outra forma comunicar publicamente, transformar ou modificar os conte\u00fados, a menos que tenha autoriza\u00e7\u00e3o do titular dos direitos de explora\u00e7\u00e3o correspondentes ou seja legalmente permitido.<\/li>\n<li>Recolher dados para fins publicit\u00e1rios e enviar publicidade de qualquer tipo e comunica\u00e7\u00f5es para efeitos de venda ou outros de natureza comercial sem pedido ou consentimento pr\u00e9vio.<\/li>\n<\/ul>\n<p>Qualquer viola\u00e7\u00e3o das cl\u00e1usulas contidas neste site (Aviso Legal, Pol\u00edtica de Privacidade, Pol\u00edtica de Cookies, bem como outros conte\u00fados que impliquem obriga\u00e7\u00f5es para o usu\u00e1rio) e em geral da legisla\u00e7\u00e3o vigente na Espanha, ser\u00e1 imediatamente comunicada pela Klockner SA ao autoridades competentes, comprometendo-se a cooperar com elas. Neste caso, o usu\u00e1rio responder\u00e1 perante a Klockner SA ou terceiros pelos danos e preju\u00edzos que possam ser causados \u200b\u200bpelo descumprimento destas obriga\u00e7\u00f5es. <\/p>\n<p>A Klockner SA n\u00e3o garante que seu website cumpra total ou parcialmente as leis de outros pa\u00edses. Portanto, se o usu\u00e1rio residir ou estiver domiciliado em qualquer lugar que n\u00e3o seja a Espanha, e decidir acessar e\/ou navegar neste site, o far\u00e1 por sua pr\u00f3pria responsabilidade e risco, devendo garantir que esse acesso e\/ou navega\u00e7\u00e3o cumpra com a legisla\u00e7\u00e3o local aplic\u00e1vel ao seu caso. <\/p>\n<p>A Klockner SA n\u00e3o \u00e9 respons\u00e1vel por qualquer dano ou perda resultante de um ataque de nega\u00e7\u00e3o de servi\u00e7o, v\u00edrus ou qualquer outro programa ou material tecnologicamente prejudicial que possa afetar seu computador, equipamento de computador, dados ou materiais como resultado do uso desta p\u00e1gina da web ou o download de conte\u00fado dele ou para o qual ele redireciona.<\/p>\n<p><strong>VI.- Limita\u00e7\u00e3o de responsabilidade.<\/strong><\/p>\n<p>O acesso ao site n\u00e3o implica a obriga\u00e7\u00e3o por parte da Klockner SA de verificar a veracidade, exatid\u00e3o, adequa\u00e7\u00e3o, idoneidade, exaustividade e atualidade das informa\u00e7\u00f5es fornecidas atrav\u00e9s dele.<\/p>\n<p>A Klockner SA, seus s\u00f3cios, colaboradores, funcion\u00e1rios e representantes n\u00e3o se responsabilizam por quaisquer erros ou omiss\u00f5es que possam ser encontrados no conte\u00fado deste site ou em outros conte\u00fados que possam ser acessados \u200b\u200bpor meio dele. Nem a Klockner SA, nem seus s\u00f3cios, colaboradores, funcion\u00e1rios e representantes podem ser responsabilizados por quaisquer danos derivados do uso deste site, nem por qualquer a\u00e7\u00e3o realizada com base nas informa\u00e7\u00f5es nele fornecidas. <\/p>\n<p>A Klockner SA adota as medidas de seguran\u00e7a adequadas para poder detectar a exist\u00eancia de v\u00edrus. No entanto, o usu\u00e1rio deve estar ciente de que as medidas de seguran\u00e7a dos sistemas de computador da Internet n\u00e3o s\u00e3o totalmente confi\u00e1veis, n\u00e3o podendo garantir a aus\u00eancia de v\u00edrus ou outros elementos que possam causar altera\u00e7\u00f5es nos sistemas de computador do usu\u00e1rio ou em seus documentos eletr\u00f4nicos ou arquivos neles contidos. <\/p>\n<p><strong>VII.- Condi\u00e7\u00f5es de acesso do usu\u00e1rio.<\/strong><\/p>\n<p>O utilizador compromete-se a utilizar a informa\u00e7\u00e3o contida no site exclusivamente para as suas pr\u00f3prias necessidades e a n\u00e3o efetuar, direta ou indiretamente, uma explora\u00e7\u00e3o comercial dos servi\u00e7os a que tenha acesso.<\/p>\n<p>O usu\u00e1rio do site ter\u00e1 o direito de livre acesso \u00e0s informa\u00e7\u00f5es p\u00fablicas nele contidas, embora a Klockner SA se reserve o direito de restringir determinados servi\u00e7os aos seus clientes, previamente cadastrados.<\/p>\n<p><strong>VIII.- Notifica\u00e7\u00f5es.<\/strong><\/p>\n<p>Todas as notifica\u00e7\u00f5es e comunica\u00e7\u00f5es entre os usu\u00e1rios e a Klockner SA ser\u00e3o consideradas efetivas, para todos os efeitos, quando realizadas por meio de correspond\u00eancia postal, e-mail ou comunica\u00e7\u00e3o telef\u00f4nica. Os usu\u00e1rios devem entrar em contato com a Klockner SA atrav\u00e9s de: <\/p>\n<p>a) Envio por correio postal para a seguinte morada: Paseo de la Castellana, 77, 28046 Madrid, Espanha<\/p>\n<p>b) Enviando por e-mail para o seguinte endere\u00e7o: klockner@klockner.es<\/p>\n<p>Ao utilizar este site, o usu\u00e1rio aceita implicitamente que a maioria das comunica\u00e7\u00f5es ser\u00e3o feitas eletronicamente. Para efeitos contratuais, o utilizador consente a utiliza\u00e7\u00e3o deste meio de comunica\u00e7\u00e3o eletr\u00f3nico e reconhece que qualquer comunica\u00e7\u00e3o que lhe seja enviada por via eletr\u00f3nica cumpre os requisitos legais. <\/p>\n<p><strong>IX.- Prote\u00e7\u00e3o de dados pessoais.<\/strong><\/p>\n<p>O titular do website compromete-se a tratar os dados pessoais do utilizador de acordo com o disposto na legisla\u00e7\u00e3o em vigor sobre a mat\u00e9ria. Especificamente, compromete-se a aplicar as disposi\u00e7\u00f5es do  <a href=\"http:\/\/app.vlex.com\/#vid\/127398\" rel=\"nofollow noopener\" target=\"_blank\">LO 3\/2018<\/a> de 5 de dezembro, Prote\u00e7\u00e3o de Dados Pessoais e Garantia de Direitos Digitais, no Real Decreto 1720\/2007, de 19 de janeiro, que aprova o Regulamento para o desenvolvimento do <a href=\"http:\/\/app.vlex.com\/#vid\/127398\" rel=\"nofollow noopener\" target=\"_blank\">LOPD<\/a> e no Regulamento (UE) 2016\/679 do Parlamento Europeu e do Conselho de 27 de abril de 2016.<\/p>\n<p>Para mais informa\u00e7\u00f5es sobre o tratamento dos seus dados pessoais no portal, aceda \u00e0 Pol\u00edtica de Privacidade.<\/p>\n<p><strong>X.- Propriedade intelectual e industrial.<\/strong><\/p>\n<p>Todo o conte\u00fado do site, entre outros, textos, fotografias, gr\u00e1ficos, imagens, \u00edcones, tecnologia, software, links e outros conte\u00fados audiovisuais, bem como o seu design gr\u00e1fico e c\u00f3digos fonte, constituem uma obra cuja propriedade pertence \u00e0 Klockner SA, sem Nenhum dos direitos de explora\u00e7\u00e3o sobre eles pode ser entendido como cedido ao usu\u00e1rio al\u00e9m do estritamente necess\u00e1rio para o uso correto do site, e independentemente de estarem ou n\u00e3o sujeitos \u00e0 propriedade intelectual.<\/p>\n<p>Da mesma forma, todas as marcas, nomes comerciais ou sinais distintivos de qualquer tipo que apare\u00e7am no site s\u00e3o de propriedade da Klockner SA, sem que se entenda que o uso ou acesso \u00e0s mesmas atribua ao usu\u00e1rio qualquer direito sobre as mesmas.<\/p>\n<p>\u00c9 proibida a reprodu\u00e7\u00e3o, explora\u00e7\u00e3o, distribui\u00e7\u00e3o, modifica\u00e7\u00e3o, transfer\u00eancia ou comunica\u00e7\u00e3o p\u00fablica total ou parcial dos conte\u00fados e qualquer outro ato que n\u00e3o tenha sido expressamente autorizado pelo titular dos direitos de explora\u00e7\u00e3o. Qualquer utiliza\u00e7\u00e3o n\u00e3o previamente autorizada \u00e9 considerada uma viola\u00e7\u00e3o grave dos direitos de propriedade intelectual ou industrial do autor. <\/p>\n<p>Para fazer qualquer tipo de observa\u00e7\u00e3o sobre poss\u00edveis viola\u00e7\u00f5es de direitos de propriedade intelectual ou industrial, bem como de qualquer conte\u00fado do site, o usu\u00e1rio deve notificar a Klockner SA dessa circunst\u00e2ncia, anexando as informa\u00e7\u00f5es pertinentes.<\/p>\n<p>Em qualquer caso, a Klockner SA n\u00e3o assume qualquer responsabilidade pelos direitos de propriedade intelectual ou industrial de terceiros que sejam infringidos por terceiros ou pelo pr\u00f3prio utilizador.<\/p>\n<p><strong>XI.- Links.<\/strong><\/p>\n<p>O site da Klockner SA pode conter links ou hiperlinks para outros sites da Internet, sobre os quais n\u00e3o exerce nenhum tipo de controle. Portanto, uma vez que o usu\u00e1rio acesse os links de terceiros e saia do site, tanto este Aviso Legal, quanto a Pol\u00edtica de Privacidade e a Pol\u00edtica de Cookies deixar\u00e3o de vigorar, uma vez que os sites aos quais o usu\u00e1rio acessa est\u00e3o sujeitos \u00e0 sua pr\u00f3prias pol\u00edticas. <\/p>\n<p>A Klockner SA n\u00e3o assume qualquer responsabilidade pelo conte\u00fado que possa aparecer em p\u00e1ginas de terceiros, nem garante a disponibilidade t\u00e9cnica, qualidade, confiabilidade, precis\u00e3o, amplitude, veracidade, validade e constitucionalidade de qualquer material ou informa\u00e7\u00e3o contida em qualquer um dos referidos links ou hiperlinks. Da mesma forma, a inclus\u00e3o dessas conex\u00f5es externas a sites externos n\u00e3o implica qualquer tipo de associa\u00e7\u00e3o, fus\u00e3o ou participa\u00e7\u00e3o com as entidades conectadas. <\/p>\n<p><strong>XII.- Lei aplic\u00e1vel e jurisdi\u00e7\u00e3o.<\/strong><\/p>\n<p>As rela\u00e7\u00f5es estabelecidas entre a Klockner SA, propriet\u00e1ria do site, e o usu\u00e1rio ser\u00e3o regidas pelas normas espanholas vigentes e a resolu\u00e7\u00e3o de qualquer poss\u00edvel controv\u00e9rsia que possa surgir estar\u00e1 sujeita aos Ju\u00edzos e Tribunais da cidade de Barcelona.<\/p>\n\t\t\t\t\t\t\t\t<\/div>\n\t\t\t\t<\/div>\n\t\t\t\t\t<\/div>\n\t\t<\/div>\n\t\t\t\t\t<\/div>\n\t\t<\/section>\n\t\t\t\t<\/div>\n\t\t","protected":false},"excerpt":{"rendered":"<p>AVISO LEGAL E CONDI\u00c7\u00d5ES GERAIS DE USO A Klockner SA, respons\u00e1vel por este site, coloca \u00e0 disposi\u00e7\u00e3o dos internautas este documento, cujo objetivo \u00e9 cumprir as obriga\u00e7\u00f5es estabelecidas no Lei 34\/2002, de 11 de junho, sobre Servi\u00e7os da Sociedade da Informa\u00e7\u00e3o e Com\u00e9rcio Eletr\u00f4nico (LSSICE) e outros regulamentos aplic\u00e1veis, bem como fornecer informa\u00e7\u00f5es sobre as [&hellip;]<\/p>\n","protected":false},"author":1,"featured_media":0,"parent":0,"menu_order":0,"comment_status":"closed","ping_status":"closed","template":"","meta":{"site-sidebar-layout":"no-sidebar","site-content-layout":"page-builder","ast-site-content-layout":"default","site-content-style":"default","site-sidebar-style":"default","ast-global-header-display":"","ast-banner-title-visibility":"","ast-main-header-display":"","ast-hfb-above-header-display":"","ast-hfb-below-header-display":"","ast-hfb-mobile-header-display":"","site-post-title":"disabled","ast-breadcrumbs-content":"","ast-featured-img":"disabled","footer-sml-layout":"","ast-disable-related-posts":"","theme-transparent-header-meta":"","adv-header-id-meta":"","stick-header-meta":"","header-above-stick-meta":"","header-main-stick-meta":"","header-below-stick-meta":"","astra-migrate-meta-layouts":"default","ast-page-background-enabled":"default","ast-page-background-meta":{"desktop":{"background-color":"var(--ast-global-color-4)","background-image":"","background-repeat":"repeat","background-position":"center center","background-size":"auto","background-attachment":"scroll","background-type":"","background-media":"","overlay-type":"","overlay-color":"","overlay-opacity":"","overlay-gradient":""},"tablet":{"background-color":"","background-image":"","background-repeat":"repeat","background-position":"center center","background-size":"auto","background-attachment":"scroll","background-type":"","background-media":"","overlay-type":"","overlay-color":"","overlay-opacity":"","overlay-gradient":""},"mobile":{"background-color":"","background-image":"","background-repeat":"repeat","background-position":"center center","background-size":"auto","background-attachment":"scroll","background-type":"","background-media":"","overlay-type":"","overlay-color":"","overlay-opacity":"","overlay-gradient":""}},"ast-content-background-meta":{"desktop":{"background-color":"var(--ast-global-color-5)","background-image":"","background-repeat":"repeat","background-position":"center center","background-size":"auto","background-attachment":"scroll","background-type":"","background-media":"","overlay-type":"","overlay-color":"","overlay-opacity":"","overlay-gradient":""},"tablet":{"background-color":"var(--ast-global-color-5)","background-image":"","background-repeat":"repeat","background-position":"center center","background-size":"auto","background-attachment":"scroll","background-type":"","background-media":"","overlay-type":"","overlay-color":"","overlay-opacity":"","overlay-gradient":""},"mobile":{"background-color":"var(--ast-global-color-5)","background-image":"","background-repeat":"repeat","background-position":"center center","background-size":"auto","background-attachment":"scroll","background-type":"","background-media":"","overlay-type":"","overlay-color":"","overlay-opacity":"","overlay-gradient":""}},"footnotes":""},"class_list":["post-4097","page","type-page","status-publish","hentry"],"_links":{"self":[{"href":"https:\/\/klockner.es\/pt-pt\/wp-json\/wp\/v2\/pages\/4097","targetHints":{"allow":["GET"]}}],"collection":[{"href":"https:\/\/klockner.es\/pt-pt\/wp-json\/wp\/v2\/pages"}],"about":[{"href":"https:\/\/klockner.es\/pt-pt\/wp-json\/wp\/v2\/types\/page"}],"author":[{"embeddable":true,"href":"https:\/\/klockner.es\/pt-pt\/wp-json\/wp\/v2\/users\/1"}],"replies":[{"embeddable":true,"href":"https:\/\/klockner.es\/pt-pt\/wp-json\/wp\/v2\/comments?post=4097"}],"version-history":[{"count":2,"href":"https:\/\/klockner.es\/pt-pt\/wp-json\/wp\/v2\/pages\/4097\/revisions"}],"predecessor-version":[{"id":7475,"href":"https:\/\/klockner.es\/pt-pt\/wp-json\/wp\/v2\/pages\/4097\/revisions\/7475"}],"wp:attachment":[{"href":"https:\/\/klockner.es\/pt-pt\/wp-json\/wp\/v2\/media?parent=4097"}],"curies":[{"name":"wp","href":"https:\/\/api.w.org\/{rel}","templated":true}]}}