{"id":4095,"date":"2022-02-25T10:07:11","date_gmt":"2022-02-25T10:07:11","guid":{"rendered":"https:\/\/klockner.es\/?page_id=4095"},"modified":"2022-10-03T07:18:22","modified_gmt":"2022-10-03T07:18:22","slug":"politica-de-privacidade","status":"publish","type":"page","link":"https:\/\/klockner.es\/pt-pt\/politica-de-privacidade\/","title":{"rendered":"Politica de privacidade"},"content":{"rendered":"\t\t<div data-elementor-type=\"wp-page\" data-elementor-id=\"4095\" class=\"elementor elementor-4095 elementor-3\" data-elementor-post-type=\"page\">\n\t\t\t\t\t\t<section class=\"elementor-section elementor-top-section elementor-element elementor-element-5679e00f elementor-section-boxed elementor-section-height-default elementor-section-height-default\" data-id=\"5679e00f\" data-element_type=\"section\" data-e-type=\"section\" data-settings=\"{&quot;background_background&quot;:&quot;classic&quot;,&quot;_ob_glider_is_slider&quot;:&quot;no&quot;}\">\n\t\t\t\t\t\t<div class=\"elementor-container elementor-column-gap-default\">\n\t\t\t\t\t<div class=\"elementor-column elementor-col-100 elementor-top-column elementor-element elementor-element-4b818054\" data-id=\"4b818054\" data-element_type=\"column\" data-e-type=\"column\" data-settings=\"{&quot;background_background&quot;:&quot;classic&quot;,&quot;_ob_column_hoveranimator&quot;:&quot;no&quot;,&quot;_ob_column_has_pseudo&quot;:&quot;no&quot;}\">\n\t\t\t<div class=\"elementor-widget-wrap elementor-element-populated\">\n\t\t\t\t\t\t<div class=\"elementor-element elementor-element-af9154a ob-harakiri-inherit ob-has-background-overlay elementor-widget elementor-widget-heading\" data-id=\"af9154a\" data-element_type=\"widget\" data-e-type=\"widget\" data-settings=\"{&quot;_ob_use_harakiri&quot;:&quot;yes&quot;,&quot;_ob_harakiri_writing_mode&quot;:&quot;inherit&quot;,&quot;_ob_harakiri_text_clip&quot;:&quot;none&quot;,&quot;_ob_widget_stalker_use&quot;:&quot;no&quot;,&quot;_ob_poopart_use&quot;:&quot;yes&quot;,&quot;_ob_shadough_use&quot;:&quot;no&quot;,&quot;_ob_allow_hoveranimator&quot;:&quot;no&quot;}\" data-widget_type=\"heading.default\">\n\t\t\t\t<div class=\"elementor-widget-container\">\n\t\t\t\t\t<h1 class=\"elementor-heading-title elementor-size-default\">POL\u00cdTICA DE PRIVACIDAD Y PROTECCI\u00d3N DE DATOS DE CAR\u00c1CTER PERSONAL<\/h1>\t\t\t\t<\/div>\n\t\t\t\t<\/div>\n\t\t\t\t<div class=\"elementor-element elementor-element-f7014c2 ob-harakiri-inherit ob-has-background-overlay elementor-widget elementor-widget-text-editor\" data-id=\"f7014c2\" data-element_type=\"widget\" data-e-type=\"widget\" data-settings=\"{&quot;_ob_use_harakiri&quot;:&quot;yes&quot;,&quot;_ob_harakiri_writing_mode&quot;:&quot;inherit&quot;,&quot;_ob_postman_use&quot;:&quot;no&quot;,&quot;_ob_widget_stalker_use&quot;:&quot;no&quot;,&quot;_ob_poopart_use&quot;:&quot;yes&quot;,&quot;_ob_shadough_use&quot;:&quot;no&quot;,&quot;_ob_allow_hoveranimator&quot;:&quot;no&quot;}\" data-widget_type=\"text-editor.default\">\n\t\t\t\t<div class=\"elementor-widget-container\">\n\t\t\t\t\t\t\t\t\t<p>Klockner S.A. informa a los usuarios de su p\u00e1gina web <a href=\"http:\/\/www.klockner.es\/\">www.klockner.es<\/a> a trav\u00e9s de esta Pol\u00edtica de Privacidad sobre el tratamiento y protecci\u00f3n de los datos de car\u00e1cter personal de los usuarios que puedan ser recabados mediante su navegaci\u00f3n o contrataci\u00f3n de servicios que realicen en este portal. El uso de esta web por parte del usuario conlleva la aceptaci\u00f3n por su parte de esta Pol\u00edtica de Privacidad.<\/p>\n<p>Klockner S.A. adopta las medidas necesarias para garantizar la seguridad, integridad y confidencialidad de los datos conforme a lo establecido en el <a href=\"http:\/\/app.vlex.com\/#vid\/637528825\" rel=\"nofollow noopener\" target=\"_blank\">Reglamento (UE) 2016\/679 del Parlamento Europeo y del Consejo, de 27 de abril de 2016<\/a>, relativo a la protecci\u00f3n de las personas f\u00edsicas en lo que respecta al tratamiento de datos personales y a la libre circulaci\u00f3n de los mismos, y en aquello no previsto por \u00e9ste por la LO 3\/2018 de 5 de diciembre, de Protecci\u00f3n de Datos de Car\u00e1cter Personal y Garant\u00eda de Derechos Digitales, el <a href=\"http:\/\/app.vlex.com\/#vid\/51764834\" rel=\"nofollow noopener\" target=\"_blank\">Real Decreto 1720\/2007, de 21 de diciembre<\/a>, por el que se aprueba el <a href=\"http:\/\/app.vlex.com\/#vid\/51764834\" rel=\"nofollow noopener\" target=\"_blank\">Reglamento de desarrollo de la Ley Org\u00e1nica de Protecci\u00f3n de Datos<\/a>, y la <a href=\"http:\/\/app.vlex.com\/#vid\/172670\" rel=\"nofollow noopener\" target=\"_blank\">Ley 34\/2002<\/a>, de 11 de julio, de Servicios de la Sociedad de la Informaci\u00f3n y de Comercio Electr\u00f3nico.<\/p>\n<p>Mediante los formularios de registro del presente sitio web o el env\u00edo de correo electr\u00f3nico se recogen y tratan datos personales de cada usuario, el tratamiento de los cuales se rige por la presente Pol\u00edtica de Privacidad. Estos datos son necesarios para la gesti\u00f3n y mantenimiento de algunos de los servicios prestados y se incluyen en los ficheros automatizados espec\u00edficos de usuarios de los servicios de Klockner S.A. debidamente inscritos en el Registro de la Agencia Espa\u00f1ola de Protecci\u00f3n de Datos.<\/p>\n<p><strong>I.- RESPONSABLE DEL TRATAMIENTO DE LOS DATOS PERSONALES<\/strong><\/p>\n<p>El responsable del tratamiento de los datos personales que el usuario facilite al acceder y utilizar el sitio web es, en calidad de propietario, Klockner S.A., con NIF n\u00fam. A58325549, domicilio social en Paseo de la Castellana, 77, 28046 Madrid, Espa\u00f1a, e inscrito en el Registro Mercantil de Madrid, en el Tomo 36616 Folio 1, Hoja n\u00ba M-656977.y correo electr\u00f3nico klockner@klockner.es.<\/p>\n<p>Klockner S.A. se compromete a aplicar las medidas de seguridad inform\u00e1tica previstas en la normativa citada previamente, con el objetivo de impedir el acceso o uso indebido de los datos, su manipulaci\u00f3n, deterioro o p\u00e9rdida.<\/p>\n<p><strong>II.- BASE JUR\u00cdDICA Y LEGITIMACI\u00d3N PARA EL TRATAMIENTO DE LOS DATOS<\/strong><\/p>\n<p>El tratamiento de los datos personales que proporciona el usuario se realiza en base a las siguientes bases jur\u00eddicas que legitiman el mismo:<\/p>\n<p>La contrataci\u00f3n de servicios de Klockner S.A. y la ejecuci\u00f3n del encargo profesional solicitado, cuyos t\u00e9rminos y condiciones se pondr\u00e1n a disposici\u00f3n del usuario de forma previa a una eventual contrataci\u00f3n. Para poder llevar a cabo esta relaci\u00f3n profesional solicitada, el interesado est\u00e1 obligado a facilitar sus datos.<\/p>\n<p>El consentimiento libre, espec\u00edfico, informado e inequ\u00edvoco, ya que tras la lectura de la presente Pol\u00edtica de Privacidad el usuario queda informado y, en caso de estar conforme, puede aceptarla mediante una declaraci\u00f3n o una clara acci\u00f3n afirmativa, como el marcado de una casilla que se dispone al efecto.<\/p>\n<p>En el caso de que el interesado no facilite los citados datos o \u00e9stos sean err\u00f3neos o inexactos, no podremos atender su solicitud, resultando imposible proporcionarle la informaci\u00f3n solicitada o llevar a cabo la contrataci\u00f3n de los servicios. Por tanto, el responsable del tratamiento, Klockner S.A., quedar\u00e1 exonerado de toda responsabilidad que pudiera derivarse de la no ejecuci\u00f3n del encargo profesional o de las consecuencias que se deriven de estas informaciones inexactas o err\u00f3neas.<\/p>\n<p><strong>III.- FINALIDADES DEL TRATAMIENTO DE DATOS<\/strong><\/p>\n<p>Las operaciones, gestiones y procedimientos t\u00e9cnicos, ya sean realizados de forma automatizada como no automatizada, que posibiliten la recogida, almacenamiento, modificaci\u00f3n, transferencia y otras acciones sobre datos de car\u00e1cter personal, tienen la consideraci\u00f3n de tratamiento de datos personales.<\/p>\n<p>En Klockner S.A. tratamos los datos personales que el usuario nos facilita a trav\u00e9s de www.klockner.es con el fin de incluirlos en la agenda de contactos, gestionar la relaci\u00f3n comercial solicitada y utilizar as\u00ed esta informaci\u00f3n como medio de contacto de dicha empresa. <\/p>\n<p>As\u00ed mismo, al amparo de lo dispuesto en el art\u00edculo 21.2 de la Ley 34\/2002, de 11 de julio, de Servicios de la Sociedad de la Informaci\u00f3n y Comercio Electr\u00f3nico (Ley 34\/2002, en adelante), le recordamos a nuestros clientes que, al amparo de la relaci\u00f3n contractual preexistente, le enviaremos newsletters y comunicaciones comerciales o publicitarias, u ofertas promocionales, por v\u00eda electr\u00f3nica.<\/p>\n<p>Los campos de los registros se deben cumplimentar obligatoriamente para que Klockner S.A. pueda cumplir con las finalidades mencionadas con anterioridad.<\/p>\n<p>En caso de que el cliente nos proporcione datos de car\u00e1cter personal de terceras personas, el cliente deber\u00e1 informarles, con car\u00e1cter previo, de los extremos contenidos en la presente cl\u00e1usula, respondiendo Usted personalmente de cuantos da\u00f1os y perjuicios puedan derivarse en caso de incumplir dicho deber de informaci\u00f3n.<\/p>\n<p>El usuario puede oponerse al env\u00edo de comunicaciones comerciales en cualquier momento mediante el env\u00edo de un mensaje de correo electr\u00f3nico a la direcci\u00f3n indicada supra l\u00edneas.<\/p>\n<p><strong>III.- DURACI\u00d3N DEL ALMACENAMIENTO DE LOS DATOS<\/strong><\/p>\n<p>Klockner S.A. como responsable del tratamiento, se compromete a almacenar y gestionar los datos personales e informaci\u00f3n recogida mediante esta p\u00e1gina web con la debida confidencialidad mientras se mantenga la relaci\u00f3n profesional surgida y la persona interesada no solicite su supresi\u00f3n, y en su caso, por un plazo no superior a 5 a\u00f1os, a contar desde la finalizaci\u00f3n de la relaci\u00f3n comercial establecida entre el usuario y Klockner S.A.. No obstante, el responsable del tratamiento podr\u00e1 conservar, debidamente bloqueados, los datos para atender posibles responsabilidades administrativas o jurisdiccionales.<\/p>\n<p><strong>IV.- COMUNICACI\u00d3N DE DATOS<\/strong><\/p>\n<p>Con car\u00e1cter general Klockner S.A. no comunicar\u00e1 estos datos personales a terceros, con la salvedad de que la prestaci\u00f3n de un servicio implique la necesidad de una relaci\u00f3n contractual con un encargado de tratamiento y ello sea estrictamente necesario para gestionar y mantener la relaci\u00f3n entre el usuario y la mencionada empresa, previa autorizaci\u00f3n expresa por parte del usuario. Esto se har\u00e1 s\u00f3lo durante el tiempo imprescindible para posibilitar la ejecuci\u00f3n del contrato de encargo, y en las mismas condiciones y con las mismas responsabilidades que se le exigen al responsable. Una vez finalizado el encargo, el encargado del tratamiento devolver\u00e1 al Responsable de los datos personales y suprimir\u00e1 cualquier copia de la que disponga.<\/p>\n<p>Por otra parte, s\u00f3lo tendr\u00e1n derecho a acceder a estos datos personales los terceros con los que Klockner S.A. tenga una obligaci\u00f3n legal o contractual de facilitarlos, entre los que se incluyen, por ejemplo, el Defensor del Pueblo y Jueces y Tribunales interesados en los procedimientos relacionados con las reclamaciones presentadas.<\/p>\n<p><strong>V.- DERECHOS DE LOS INTERESADOS<\/strong><\/p>\n<p>El usuario podr\u00e1 ejercitar en todo momento, en los t\u00e9rminos establecidos en la legislaci\u00f3n vigente, los derechos de acceso, rectificaci\u00f3n o supresi\u00f3n de datos, solicitar que se limite el tratamiento, oponerse al mismo, solicitar la portabilidad de sus datos, as\u00ed como revocar el consentimiento prestado, derechos reconocidos en el citado <a href=\"http:\/\/app.vlex.com\/#vid\/637528825\" rel=\"nofollow noopener\" target=\"_blank\">Reglamento (UE)<\/a>. El ejercicio de estos derechos puede realizarlo el propio usuario dirigi\u00e9ndose a Klockner S.A. en la direcci\u00f3n de su sede social indicada anteriormente; a trav\u00e9s del env\u00edo de un correo electr\u00f3nico a la siguiente direcci\u00f3n Paseo de la Castellana, 77, 28046 Madrid, Espa\u00f1a o a la direcci\u00f3n postal klockner@klockner.es.<\/p>\n<p>Para el efectivo ejercicio de estos derechos, el usuario deber\u00e1 acreditar su identidad facilitando su nombre y apellidos, fotocopia del DNI o documento identificativo equivalente que acredite su identidad, petici\u00f3n en la que se concrete la solicitud, direcci\u00f3n a efectos de notificaciones, y fecha y firma del solicitante.<\/p>\n<p>Asimismo, el usuario podr\u00e1 reclamar ante la Agencia Espa\u00f1ola de Protecci\u00f3n de Datos (Autoridad de Control competente en esta materia), especialmente cuando no haya obtenido satisfacci\u00f3n en el ejercicio de sus derechos, mediante escrito dirigido a misma, C\/Jorge Juan, n\u00ba 6, 28001 &#8211; Madrid, o a trav\u00e9s de la web: <a href=\"https:\/\/www.agpd.es\/\" rel=\"nofollow noopener\" target=\"_blank\">https:\/\/www.agpd.es<\/a><\/p>\t\t\t\t\t\t\t\t<\/div>\n\t\t\t\t<\/div>\n\t\t\t\t\t<\/div>\n\t\t<\/div>\n\t\t\t\t\t<\/div>\n\t\t<\/section>\n\t\t\t\t<\/div>\n\t\t","protected":false},"excerpt":{"rendered":"<p>POL\u00cdTICA DE PRIVACIDAD Y PROTECCI\u00d3N DE DATOS DE CAR\u00c1CTER PERSONAL Klockner S.A. informa a los usuarios de su p\u00e1gina web www.klockner.es a trav\u00e9s de esta Pol\u00edtica de Privacidad sobre el tratamiento y protecci\u00f3n de los datos de car\u00e1cter personal de los usuarios que puedan ser recabados mediante su navegaci\u00f3n o contrataci\u00f3n de servicios que realicen [&hellip;]<\/p>\n","protected":false},"author":1,"featured_media":0,"parent":0,"menu_order":0,"comment_status":"closed","ping_status":"closed","template":"","meta":{"site-sidebar-layout":"default","site-content-layout":"","ast-site-content-layout":"default","site-content-style":"default","site-sidebar-style":"default","ast-global-header-display":"","ast-banner-title-visibility":"","ast-main-header-display":"","ast-hfb-above-header-display":"","ast-hfb-below-header-display":"","ast-hfb-mobile-header-display":"","site-post-title":"","ast-breadcrumbs-content":"","ast-featured-img":"","footer-sml-layout":"","ast-disable-related-posts":"","theme-transparent-header-meta":"","adv-header-id-meta":"","stick-header-meta":"","header-above-stick-meta":"","header-main-stick-meta":"","header-below-stick-meta":"","astra-migrate-meta-layouts":"default","ast-page-background-enabled":"default","ast-page-background-meta":{"desktop":{"background-color":"var(--ast-global-color-4)","background-image":"","background-repeat":"repeat","background-position":"center center","background-size":"auto","background-attachment":"scroll","background-type":"","background-media":"","overlay-type":"","overlay-color":"","overlay-opacity":"","overlay-gradient":""},"tablet":{"background-color":"","background-image":"","background-repeat":"repeat","background-position":"center center","background-size":"auto","background-attachment":"scroll","background-type":"","background-media":"","overlay-type":"","overlay-color":"","overlay-opacity":"","overlay-gradient":""},"mobile":{"background-color":"","background-image":"","background-repeat":"repeat","background-position":"center center","background-size":"auto","background-attachment":"scroll","background-type":"","background-media":"","overlay-type":"","overlay-color":"","overlay-opacity":"","overlay-gradient":""}},"ast-content-background-meta":{"desktop":{"background-color":"var(--ast-global-color-5)","background-image":"","background-repeat":"repeat","background-position":"center center","background-size":"auto","background-attachment":"scroll","background-type":"","background-media":"","overlay-type":"","overlay-color":"","overlay-opacity":"","overlay-gradient":""},"tablet":{"background-color":"var(--ast-global-color-5)","background-image":"","background-repeat":"repeat","background-position":"center center","background-size":"auto","background-attachment":"scroll","background-type":"","background-media":"","overlay-type":"","overlay-color":"","overlay-opacity":"","overlay-gradient":""},"mobile":{"background-color":"var(--ast-global-color-5)","background-image":"","background-repeat":"repeat","background-position":"center center","background-size":"auto","background-attachment":"scroll","background-type":"","background-media":"","overlay-type":"","overlay-color":"","overlay-opacity":"","overlay-gradient":""}},"footnotes":""},"class_list":["post-4095","page","type-page","status-publish","hentry"],"_links":{"self":[{"href":"https:\/\/klockner.es\/pt-pt\/wp-json\/wp\/v2\/pages\/4095","targetHints":{"allow":["GET"]}}],"collection":[{"href":"https:\/\/klockner.es\/pt-pt\/wp-json\/wp\/v2\/pages"}],"about":[{"href":"https:\/\/klockner.es\/pt-pt\/wp-json\/wp\/v2\/types\/page"}],"author":[{"embeddable":true,"href":"https:\/\/klockner.es\/pt-pt\/wp-json\/wp\/v2\/users\/1"}],"replies":[{"embeddable":true,"href":"https:\/\/klockner.es\/pt-pt\/wp-json\/wp\/v2\/comments?post=4095"}],"version-history":[{"count":0,"href":"https:\/\/klockner.es\/pt-pt\/wp-json\/wp\/v2\/pages\/4095\/revisions"}],"wp:attachment":[{"href":"https:\/\/klockner.es\/pt-pt\/wp-json\/wp\/v2\/media?parent=4095"}],"curies":[{"name":"wp","href":"https:\/\/api.w.org\/{rel}","templated":true}]}}