{"id":4093,"date":"2022-03-30T14:14:50","date_gmt":"2022-03-30T14:14:50","guid":{"rendered":"https:\/\/klockner.es\/?page_id=4093"},"modified":"2022-11-16T17:46:44","modified_gmt":"2022-11-16T17:46:44","slug":"politica_de_cookies","status":"publish","type":"page","link":"https:\/\/klockner.es\/pt-pt\/politica_de_cookies\/","title":{"rendered":"Pol\u00edtica de Cookies"},"content":{"rendered":"\t\t<div data-elementor-type=\"wp-page\" data-elementor-id=\"4093\" class=\"elementor elementor-4093 elementor-557\" data-elementor-post-type=\"page\">\n\t\t\t\t\t\t<section class=\"elementor-section elementor-top-section elementor-element elementor-element-fc1265d elementor-section-boxed elementor-section-height-default elementor-section-height-default\" data-id=\"fc1265d\" data-element_type=\"section\" data-e-type=\"section\" data-settings=\"{&quot;background_background&quot;:&quot;classic&quot;,&quot;_ob_glider_is_slider&quot;:&quot;no&quot;}\">\n\t\t\t\t\t\t<div class=\"elementor-container elementor-column-gap-default\">\n\t\t\t\t\t<div class=\"elementor-column elementor-col-100 elementor-top-column elementor-element elementor-element-a07757b\" data-id=\"a07757b\" data-element_type=\"column\" data-e-type=\"column\" data-settings=\"{&quot;background_background&quot;:&quot;classic&quot;,&quot;_ob_column_hoveranimator&quot;:&quot;no&quot;,&quot;_ob_column_has_pseudo&quot;:&quot;no&quot;}\">\n\t\t\t<div class=\"elementor-widget-wrap elementor-element-populated\">\n\t\t\t\t\t\t<div class=\"elementor-element elementor-element-285902e ob-harakiri-inherit ob-has-background-overlay elementor-widget elementor-widget-heading\" data-id=\"285902e\" data-element_type=\"widget\" data-e-type=\"widget\" data-settings=\"{&quot;_ob_use_harakiri&quot;:&quot;yes&quot;,&quot;_ob_harakiri_writing_mode&quot;:&quot;inherit&quot;,&quot;_ob_harakiri_text_clip&quot;:&quot;none&quot;,&quot;_ob_widget_stalker_use&quot;:&quot;no&quot;,&quot;_ob_poopart_use&quot;:&quot;yes&quot;,&quot;_ob_shadough_use&quot;:&quot;no&quot;,&quot;_ob_allow_hoveranimator&quot;:&quot;no&quot;}\" data-widget_type=\"heading.default\">\n\t\t\t\t<div class=\"elementor-widget-container\">\n\t\t\t\t\t<h1 class=\"elementor-heading-title elementor-size-default\">POL\u00cdTICA DE COOKIES<\/h1>\t\t\t\t<\/div>\n\t\t\t\t<\/div>\n\t\t\t\t<div class=\"elementor-element elementor-element-7d2d15e ob-harakiri-inherit ob-has-background-overlay elementor-widget elementor-widget-text-editor\" data-id=\"7d2d15e\" data-element_type=\"widget\" data-e-type=\"widget\" data-settings=\"{&quot;_ob_use_harakiri&quot;:&quot;yes&quot;,&quot;_ob_harakiri_writing_mode&quot;:&quot;inherit&quot;,&quot;_ob_postman_use&quot;:&quot;no&quot;,&quot;_ob_widget_stalker_use&quot;:&quot;no&quot;,&quot;_ob_poopart_use&quot;:&quot;yes&quot;,&quot;_ob_shadough_use&quot;:&quot;no&quot;,&quot;_ob_allow_hoveranimator&quot;:&quot;no&quot;}\" data-widget_type=\"text-editor.default\">\n\t\t\t\t<div class=\"elementor-widget-container\">\n\t\t\t\t\t\t\t\t\t<p><strong>POL\u00cdTICA DE COOKIES:<\/strong><\/p>\n<p>Nosso site <a href=\"http:\/\/www.klockner.es\/\">www.klockner.es<\/a> utiliza uma tecnologia chamada &#8220;cookies&#8221; para poder coletar informa\u00e7\u00f5es sobre o uso que o usu\u00e1rio faz do site para analisar seus h\u00e1bitos de navega\u00e7\u00e3o para facilitar e diferenci\u00e1-lo. outros usu\u00e1rios.<\/p>\n<p>Em cumprimento do disposto na <a href=\"http:\/\/app.vlex.com\/#vid\/172670\" rel=\"nofollow noopener\" target=\"_blank\">Lei 34\/2002<\/a>, de 11 de julho, sobre Servi\u00e7os da Sociedade da Informa\u00e7\u00e3o e Com\u00e9rcio Eletr\u00f4nico, o objetivo desta Pol\u00edtica de Cookies \u00e9 informar o usu\u00e1rio sobre a pol\u00edtica de coleta e tratamento de cookies.<\/p>\n<p><strong>Cookies<\/strong><\/p>\n<p>Um cookie \u00e9 um pequeno peda\u00e7o de texto que os sites enviam para o navegador e que s\u00e3o armazenados no terminal do usu\u00e1rio (computador pessoal, celular ou tablet).<\/p>\n<p>Os cookies podem coletar informa\u00e7\u00f5es sobre suas visitas ao nosso site, a frequ\u00eancia e a dura\u00e7\u00e3o das visitas, as p\u00e1ginas visualizadas e o tempo gasto em nosso site. Estes ficheiros permitem ao website recordar informa\u00e7\u00e3o sobre a visita, e identificar problemas de forma a melhorar o nosso website, proporcionar-lhe uma melhor experi\u00eancia na sua utiliza\u00e7\u00e3o, facilitar a navega\u00e7\u00e3o e distingui-lo dos restantes Utilizadores. <\/p>\n<p>A Klockner SA pode usar cookies quando voc\u00ea visita seu site ou visita outros sites onde a empresa anuncia. O navegador de Internet do utilizador deste website armazena o cookie no disco r\u00edgido do seu equipamento inform\u00e1tico e o website pode acess\u00e1-lo durante a sua pr\u00f3xima visita. Outros sites tamb\u00e9m podem enviar cookies para o seu navegador, mas o seu navegador n\u00e3o permitir\u00e1 que esses sites vejam as informa\u00e7\u00f5es do cookie www.klockner.es.  <\/p>\n<p><strong> <\/strong><\/p>\n<p><strong>Cookies usados \u200b\u200bneste site<\/strong><\/p>\n<p>Este site instalou cookies que requerem o consentimento dos usu\u00e1rios. A seguir, seguindo as orienta\u00e7\u00f5es da Ag\u00eancia Espanhola de Prote\u00e7\u00e3o de Dados, passamos a detalhar o uso de cookies identificando-os e explicando seu tipo e fun\u00e7\u00e3o, a fim de inform\u00e1-lo com a maior precis\u00e3o poss\u00edvel. <\/p>\n<p>Consoante a finalidade para a qual s\u00e3o tratados os dados obtidos atrav\u00e9s dos &#8216;cookies&#8217;, o website pode utilizar:<\/p>\n<p>cookies t\u00e9cnicos<\/p>\n<p>S\u00e3o aqueles que permitem ao usu\u00e1rio a navega\u00e7\u00e3o pela p\u00e1gina web ou aplica\u00e7\u00e3o e a utiliza\u00e7\u00e3o das diferentes op\u00e7\u00f5es ou servi\u00e7os nela existentes. Por exemplo, controlar tr\u00e1fego e comunica\u00e7\u00e3o de dados, identificar a sess\u00e3o, acessar web parts de acesso restrito, lembrar os elementos que comp\u00f5em um pedido, solicitar inscri\u00e7\u00e3o ou participa\u00e7\u00e3o em um evento, utilizar elementos de seguran\u00e7a durante a navega\u00e7\u00e3o e armazenar conte\u00fados para a difus\u00e3o de v\u00eddeos ou som. <\/p>\n<p>cookies de personaliza\u00e7\u00e3o<\/p>\n<p>S\u00e3o aqueles que permitem ao utilizador aceder ao servi\u00e7o com algumas caracter\u00edsticas gerais pr\u00e9-definidas no seu terminal ou que o pr\u00f3prio utilizador defina. Por exemplo, o idioma, o tipo de navegador atrav\u00e9s do qual voc\u00ea acessa o servi\u00e7o, o design do conte\u00fado selecionado, a geolocaliza\u00e7\u00e3o do terminal e a configura\u00e7\u00e3o regional a partir da qual o servi\u00e7o \u00e9 acessado. <\/p>\n<p>cookies de publicidade<\/p>\n<p>S\u00e3o aqueles que permitem a gest\u00e3o eficaz dos espa\u00e7os publicit\u00e1rios que foram inclu\u00eddos na p\u00e1gina web ou aplica\u00e7\u00e3o a partir da qual se presta o servi\u00e7o. Permitem adaptar o conte\u00fado da publicidade para que seja relevante para o utilizador e evitar a apresenta\u00e7\u00e3o de an\u00fancios que o utilizador j\u00e1 tenha visto. <\/p>\n<p>Cookies de an\u00e1lise estat\u00edstica<\/p>\n<p>S\u00e3o aqueles que permitem o monitoramento e an\u00e1lise do comportamento dos usu\u00e1rios nos sites. A informa\u00e7\u00e3o recolhida atrav\u00e9s deste tipo de &#8216;cookies&#8217; \u00e9 utilizada para medir a atividade de sites, aplica\u00e7\u00f5es ou plataformas e para criar perfis de navega\u00e7\u00e3o dos utilizadores dos referidos sites, com o objetivo de introduzir melhorias no servi\u00e7o com base nos dados de utiliza\u00e7\u00e3o efetuados pelos utilizadores . <\/p>\n<p>Cookies de terceiros<\/p>\n<p>Cookies de terceiros podem ser instalados em algumas p\u00e1ginas da web que permitem gerenciar e melhorar os servi\u00e7os oferecidos. Por exemplo, servi\u00e7os estat\u00edsticos do Google Analytics e Comscore. <\/p>\n<p><strong>Desativa\u00e7\u00e3o ou elimina\u00e7\u00e3o de cookies<\/strong><\/p>\n<p>O utilizador pode permitir, bloquear ou eliminar os &#8220;cookies&#8221; instalados no seu computador, configurando as op\u00e7\u00f5es do navegador instalado no seu terminal.<\/p>\n<p>Para ajustar as permiss\u00f5es relacionadas a &#8216;cookies&#8217; no navegador Google Chrome:<\/p>\n<ul type=\"disc\">\n<li>Clique no menu localizado na barra de ferramentas.<\/li>\n<li>Selecione Configura\u00e7\u00f5es.<\/li>\n<li>Clique em Mostrar op\u00e7\u00f5es avan\u00e7adas.<\/li>\n<li>Na se\u00e7\u00e3o &#8216;Privacidade&#8217;, clique no bot\u00e3o Configura\u00e7\u00f5es de conte\u00fado.<\/li>\n<li>Na se\u00e7\u00e3o &#8216;Cookies&#8217; voc\u00ea pode configurar as op\u00e7\u00f5es.<\/li>\n<\/ul>\n<p>Para obter mais informa\u00e7\u00f5es sobre o <a href=\"https:\/\/support.google.com\/chrome\/answer\/95647?hl=es\" target=\"_blank\" rel=\"noopener nofollow\">Google Chrome<\/a>.<\/p>\n<p>Para ajustar as permiss\u00f5es relacionadas a &#8216;cookies&#8217; no navegador Mozilla Firefox:<\/p>\n<ul type=\"disc\">\n<li>Na parte superior da janela do Firefox, clique no menu Ferramentas.<\/li>\n<li>Selecione as op\u00e7\u00f5es.<\/li>\n<li>Selecione o painel Privacidade.<\/li>\n<li>Na op\u00e7\u00e3o Firefox, voc\u00ea pode escolher Usar configura\u00e7\u00f5es personalizadas para o hist\u00f3rico para configurar as op\u00e7\u00f5es.<\/li>\n<\/ul>\n<p>Para obter mais informa\u00e7\u00f5es sobre <a href=\"https:\/\/support.mozilla.org\/es\/kb\/habilitar-y-deshabilitar-cookies-que-los-sitios-we\" rel=\"nofollow noopener\" target=\"_blank\">Mozilla Firefox.<\/a><\/p>\n<p>Para ajustar as permiss\u00f5es relacionadas a &#8216;cookies&#8217; no navegador <a href=\"https:\/\/support.microsoft.com\/es-es\/help\/17442\/windows-internet-explorer-delete-manage-cookies\" rel=\"nofollow noopener\" target=\"_blank\">Internet Explorer 9<\/a>.<\/p>\n<p><strong>Altera\u00e7\u00f5es na pol\u00edtica de cookies<\/strong><\/p>\n<p>\u00c9 poss\u00edvel que esta Pol\u00edtica de Cookies seja modificada no futuro, pelo que \u00e9 aconselh\u00e1vel que cada vez que o utilizador aceda a esta p\u00e1gina web, consulte novamente esta pol\u00edtica de forma a estar devidamente informado sobre as atualiza\u00e7\u00f5es ocorridas.<\/p>\n<p><strong>Contato<\/strong><\/p>\n<p>Se voc\u00ea tiver alguma d\u00favida, coment\u00e1rio ou sugest\u00e3o sobre nossa Pol\u00edtica de Cookies, n\u00e3o hesite em nos contatar no seguinte endere\u00e7o de e-mail klockner@klockner.es<\/p>\n\t\t\t\t\t\t\t\t<\/div>\n\t\t\t\t<\/div>\n\t\t\t\t\t<\/div>\n\t\t<\/div>\n\t\t\t\t\t<\/div>\n\t\t<\/section>\n\t\t\t\t<\/div>\n\t\t","protected":false},"excerpt":{"rendered":"<p>POL\u00cdTICA DE COOKIES POL\u00cdTICA DE COOKIES: Nosso site www.klockner.es utiliza uma tecnologia chamada &#8220;cookies&#8221; para poder coletar informa\u00e7\u00f5es sobre o uso que o usu\u00e1rio faz do site para analisar seus h\u00e1bitos de navega\u00e7\u00e3o para facilitar e diferenci\u00e1-lo. outros usu\u00e1rios. Em cumprimento do disposto na Lei 34\/2002, de 11 de julho, sobre Servi\u00e7os da Sociedade da [&hellip;]<\/p>\n","protected":false},"author":1,"featured_media":0,"parent":0,"menu_order":0,"comment_status":"closed","ping_status":"closed","template":"","meta":{"site-sidebar-layout":"no-sidebar","site-content-layout":"page-builder","ast-site-content-layout":"default","site-content-style":"default","site-sidebar-style":"default","ast-global-header-display":"","ast-banner-title-visibility":"","ast-main-header-display":"","ast-hfb-above-header-display":"","ast-hfb-below-header-display":"","ast-hfb-mobile-header-display":"","site-post-title":"disabled","ast-breadcrumbs-content":"","ast-featured-img":"disabled","footer-sml-layout":"","ast-disable-related-posts":"","theme-transparent-header-meta":"","adv-header-id-meta":"","stick-header-meta":"","header-above-stick-meta":"","header-main-stick-meta":"","header-below-stick-meta":"","astra-migrate-meta-layouts":"default","ast-page-background-enabled":"default","ast-page-background-meta":{"desktop":{"background-color":"var(--ast-global-color-4)","background-image":"","background-repeat":"repeat","background-position":"center center","background-size":"auto","background-attachment":"scroll","background-type":"","background-media":"","overlay-type":"","overlay-color":"","overlay-opacity":"","overlay-gradient":""},"tablet":{"background-color":"","background-image":"","background-repeat":"repeat","background-position":"center center","background-size":"auto","background-attachment":"scroll","background-type":"","background-media":"","overlay-type":"","overlay-color":"","overlay-opacity":"","overlay-gradient":""},"mobile":{"background-color":"","background-image":"","background-repeat":"repeat","background-position":"center center","background-size":"auto","background-attachment":"scroll","background-type":"","background-media":"","overlay-type":"","overlay-color":"","overlay-opacity":"","overlay-gradient":""}},"ast-content-background-meta":{"desktop":{"background-color":"var(--ast-global-color-5)","background-image":"","background-repeat":"repeat","background-position":"center center","background-size":"auto","background-attachment":"scroll","background-type":"","background-media":"","overlay-type":"","overlay-color":"","overlay-opacity":"","overlay-gradient":""},"tablet":{"background-color":"var(--ast-global-color-5)","background-image":"","background-repeat":"repeat","background-position":"center center","background-size":"auto","background-attachment":"scroll","background-type":"","background-media":"","overlay-type":"","overlay-color":"","overlay-opacity":"","overlay-gradient":""},"mobile":{"background-color":"var(--ast-global-color-5)","background-image":"","background-repeat":"repeat","background-position":"center center","background-size":"auto","background-attachment":"scroll","background-type":"","background-media":"","overlay-type":"","overlay-color":"","overlay-opacity":"","overlay-gradient":""}},"footnotes":""},"class_list":["post-4093","page","type-page","status-publish","hentry"],"_links":{"self":[{"href":"https:\/\/klockner.es\/pt-pt\/wp-json\/wp\/v2\/pages\/4093","targetHints":{"allow":["GET"]}}],"collection":[{"href":"https:\/\/klockner.es\/pt-pt\/wp-json\/wp\/v2\/pages"}],"about":[{"href":"https:\/\/klockner.es\/pt-pt\/wp-json\/wp\/v2\/types\/page"}],"author":[{"embeddable":true,"href":"https:\/\/klockner.es\/pt-pt\/wp-json\/wp\/v2\/users\/1"}],"replies":[{"embeddable":true,"href":"https:\/\/klockner.es\/pt-pt\/wp-json\/wp\/v2\/comments?post=4093"}],"version-history":[{"count":2,"href":"https:\/\/klockner.es\/pt-pt\/wp-json\/wp\/v2\/pages\/4093\/revisions"}],"predecessor-version":[{"id":7479,"href":"https:\/\/klockner.es\/pt-pt\/wp-json\/wp\/v2\/pages\/4093\/revisions\/7479"}],"wp:attachment":[{"href":"https:\/\/klockner.es\/pt-pt\/wp-json\/wp\/v2\/media?parent=4093"}],"curies":[{"name":"wp","href":"https:\/\/api.w.org\/{rel}","templated":true}]}}