{"id":557,"date":"2022-03-30T14:14:50","date_gmt":"2022-03-30T14:14:50","guid":{"rendered":"https:\/\/klockner.es\/?page_id=557"},"modified":"2022-09-30T15:11:09","modified_gmt":"2022-09-30T15:11:09","slug":"politica_de_cookies","status":"publish","type":"page","link":"https:\/\/klockner.es\/es\/politica_de_cookies\/","title":{"rendered":"Pol\u00edtica de Cookies"},"content":{"rendered":"\t\t<div data-elementor-type=\"wp-page\" data-elementor-id=\"557\" class=\"elementor elementor-557\" data-elementor-post-type=\"page\">\n\t\t\t\t\t\t<section class=\"elementor-section elementor-top-section elementor-element elementor-element-fc1265d elementor-section-boxed elementor-section-height-default elementor-section-height-default\" data-id=\"fc1265d\" data-element_type=\"section\" data-e-type=\"section\" data-settings=\"{&quot;background_background&quot;:&quot;classic&quot;,&quot;_ob_glider_is_slider&quot;:&quot;no&quot;}\">\n\t\t\t\t\t\t<div class=\"elementor-container elementor-column-gap-default\">\n\t\t\t\t\t<div class=\"elementor-column elementor-col-100 elementor-top-column elementor-element elementor-element-a07757b\" data-id=\"a07757b\" data-element_type=\"column\" data-e-type=\"column\" data-settings=\"{&quot;background_background&quot;:&quot;classic&quot;,&quot;_ob_column_hoveranimator&quot;:&quot;no&quot;,&quot;_ob_column_has_pseudo&quot;:&quot;no&quot;}\">\n\t\t\t<div class=\"elementor-widget-wrap elementor-element-populated\">\n\t\t\t\t\t\t<div class=\"elementor-element elementor-element-285902e ob-harakiri-inherit ob-has-background-overlay elementor-widget elementor-widget-heading\" data-id=\"285902e\" data-element_type=\"widget\" data-e-type=\"widget\" data-settings=\"{&quot;_ob_use_harakiri&quot;:&quot;yes&quot;,&quot;_ob_harakiri_writing_mode&quot;:&quot;inherit&quot;,&quot;_ob_harakiri_text_clip&quot;:&quot;none&quot;,&quot;_ob_widget_stalker_use&quot;:&quot;no&quot;,&quot;_ob_poopart_use&quot;:&quot;yes&quot;,&quot;_ob_shadough_use&quot;:&quot;no&quot;,&quot;_ob_allow_hoveranimator&quot;:&quot;no&quot;}\" data-widget_type=\"heading.default\">\n\t\t\t\t<div class=\"elementor-widget-container\">\n\t\t\t\t\t<h1 class=\"elementor-heading-title elementor-size-default\">POL\u00cdTICA DE COOKIES<\/h1>\t\t\t\t<\/div>\n\t\t\t\t<\/div>\n\t\t\t\t<div class=\"elementor-element elementor-element-7d2d15e ob-harakiri-inherit ob-has-background-overlay elementor-widget elementor-widget-text-editor\" data-id=\"7d2d15e\" data-element_type=\"widget\" data-e-type=\"widget\" data-settings=\"{&quot;_ob_use_harakiri&quot;:&quot;yes&quot;,&quot;_ob_harakiri_writing_mode&quot;:&quot;inherit&quot;,&quot;_ob_postman_use&quot;:&quot;no&quot;,&quot;_ob_widget_stalker_use&quot;:&quot;no&quot;,&quot;_ob_poopart_use&quot;:&quot;yes&quot;,&quot;_ob_shadough_use&quot;:&quot;no&quot;,&quot;_ob_allow_hoveranimator&quot;:&quot;no&quot;}\" data-widget_type=\"text-editor.default\">\n\t\t\t\t<div class=\"elementor-widget-container\">\n\t\t\t\t\t\t\t\t\t<p><strong>POL\u00cdTICA DE COOKIES:<\/strong><\/p><p>Nuestro sitio web\u00a0<a href=\"http:\/\/www.klockner.es\/\">www.klockner.es<\/a>\u00a0utiliza una tecnolog\u00eda denominada \u201ccookies\u201d con la finalidad de poder recabar informaci\u00f3n acerca del uso que realiza el usuario de la p\u00e1gina web con el objetivo de analizar sus h\u00e1bitos de navegaci\u00f3n para as\u00ed facilitarle la misma y poder distinguirlo de otros usuarios.<\/p><p>En cumplimiento con lo previsto en la\u00a0<a href=\"http:\/\/app.vlex.com\/#vid\/172670\" rel=\"nofollow noopener\" target=\"_blank\">Ley 34\/2002<\/a>, de\u00a011 de julio, de Servicios de la Sociedad de la Informaci\u00f3n y de Comercio Electr\u00f3nico, la presente Pol\u00edtica de Cookies tiene como finalidad informar al usuario sobre la pol\u00edtica de recogida y tratamiento de cookies.<\/p><p><strong>Cookies<\/strong><\/p><p>Una cookie es un peque\u00f1o fragmento de texto que los sitios web env\u00edan al navegador y que se almacenan en el terminal del usuario (un ordenador personal, un tel\u00e9fono m\u00f3vil o una tableta).<\/p><p>Las \u201ccookies\u201d pueden recabar informaci\u00f3n acerca de sus visitas a nuestro sitio web, la frecuencia y duraci\u00f3n de las mismas, las p\u00e1ginas visionadas y el tiempo que ha estado en nuestro sitio web. Estos archivos permiten que el sitio web recuerde informaci\u00f3n acerca de la visita, y que se puedan identificar problemas para mejorar nuestro sitio web, proporcionarle una mejor experiencia en su uso, facilitar su navegaci\u00f3n y distinguirle de otros Usuarios.<\/p><p>Klockner SA puede usar cookies cuando usted visita su sitio web o visita otros sitios web donde la empresa publicita. El explorador de Internet del usuario de esta p\u00e1gina web almacena la cookie en el disco duro de su equipo inform\u00e1tico y el sitio web puede acceder a ella durante su pr\u00f3xima visita. Otros sitios web tambi\u00e9n pueden enviar cookies a su explorador, pero \u00e9ste no permitir\u00e1 que esos sitios web vean la informaci\u00f3n de la cookie de www.klockner.es.<\/p><p><strong>\u00a0<\/strong><\/p><p><strong>Cookies utilizadas en este sitio web<\/strong><\/p><p>Este sitio web tiene instaladas cookies que requieren el consentimiento de los usuarios. A continuaci\u00f3n, siguiendo las directrices de la Agencia Espa\u00f1ola de Protecci\u00f3n de Datos, procedemos a detallar el uso de cookies mediante su identificaci\u00f3n y explicando su tipolog\u00eda y funci\u00f3n, con el fin de informarle con la m\u00e1xima exactitud posible.<\/p><p>Seg\u00fan la finalidad para la que se traten los datos obtenidos a trav\u00e9s de las \u2018cookies\u2019, el web puede utilizar:<\/p><p>Cookies t\u00e9cnicas<\/p><p>Son aqu\u00e9llas que permiten al usuario la navegaci\u00f3n a trav\u00e9s de la p\u00e1gina web o aplicaci\u00f3n y la utilizaci\u00f3n de las diferentes opciones o servicios que en ella existen. Por ejemplo, controlar el tr\u00e1fico y la comunicaci\u00f3n de datos, identificar la sesi\u00f3n, acceder a las partes web de acceso restringido, recordar los elementos que integran un pedido, realizar la solicitud de inscripci\u00f3n o participaci\u00f3n en un evento, utilizar elementos de seguridad durante la navegaci\u00f3n y almacenar contenidos para la difusi\u00f3n de videos o sonido.<\/p><p>Cookies de personalizaci\u00f3n<\/p><p>Son aqu\u00e9llas que permiten al usuario acceder al servicio con algunas caracter\u00edsticas de car\u00e1cter general predefinidas en su terminal o que el propio usuario defina. Por ejemplo, el idioma, el tipo de navegador a trav\u00e9s del cual accede al servicio, el dise\u00f1o de contenidos seleccionado, geolocalizaci\u00f3n del terminal y la configuraci\u00f3n regional desde donde se accede al servicio.<\/p><p>Cookies publicitarias<\/p><p>Son aqu\u00e9llas que permiten la gesti\u00f3n eficaz de los espacios publicitarios que se han incluido en la p\u00e1gina web o aplicaci\u00f3n desde la que se presta el servicio. Permiten adecuar el contenido de la publicidad para que esta sea relevante para el usuario y para evitar mostrar anuncios que el usuario ya haya visto.<\/p><p>Cookies de an\u00e1lisis estad\u00edstico<\/p><p>Son aqu\u00e9llas que permiten realizar el seguimiento y an\u00e1lisis del comportamiento de los usuarios en los sitios web. La informaci\u00f3n recogida mediante este tipo de \u2018cookies\u2019 se utiliza en la medici\u00f3n de la actividad de los sitios web, aplicaci\u00f3n o plataforma y para la elaboraci\u00f3n de perfiles de navegaci\u00f3n de los usuarios de dichos sitios, con el fin de introducir mejoras en el servicio en funci\u00f3n de los datos de uso que hacen los usuarios.<\/p><p>Cookies de terceros<\/p><p>En algunas p\u00e1ginas web se pueden instalar \u2018cookies\u2019 de terceros que permiten gestionar y mejorar los servicios ofrecidos. Como por ejemplo, servicios estad\u00edsticos de Google Analytics y Comscore.<\/p><p><strong>Desactivaci\u00f3n o eliminaci\u00f3n de cookies<\/strong><\/p><p>El usuario puede permitir, bloquear o eliminar las \u201ccookies\u201d instaladas en su equipo mediante la configuraci\u00f3n de las opciones del navegador instalado en su terminal.<\/p><p>Para ajustar los permisos relacionados con las \u2018cookies\u2019 en el navegador\u00a0Google Chrome:<\/p><ul type=\"disc\"><li>Hacer clic en el men\u00fa situado en la barra de herramientas.<\/li><li>Seleccionar\u00a0Configuraci\u00f3n.<\/li><li>Hacer clic en\u00a0Mostar opciones avanzadas.<\/li><li>En la secci\u00f3n \u2018Privacidad\u2019 hacer clic en el bot\u00f3n\u00a0Configuraci\u00f3n de contenido.<\/li><li>En la secci\u00f3n de \u2018Cookies\u2019 se pueden configurar las opciones.<\/li><\/ul><p>Para m\u00e1s informaci\u00f3n sobre\u00a0<a href=\"https:\/\/support.google.com\/chrome\/answer\/95647?hl=es\" target=\"_blank\" rel=\"noopener nofollow\">Google Chrome<\/a>.<\/p><p>Para ajustar los permisos relacionados con las \u2018cookies\u2019 en el navegador\u00a0Mozilla Firefox:<\/p><ul type=\"disc\"><li>En la parte superior de la ventana de Firefox hacer clic en el men\u00fa\u00a0Herramientas.<\/li><li>Seleccionar\u00a0Opciones.<\/li><li>Seleccionar el panel\u00a0Privacidad.<\/li><li>En la opci\u00f3n Firefox podr\u00e1 elegir\u00a0Usar una configuraci\u00f3n personalizada para el historial\u00a0para configurar las opciones.<\/li><\/ul><p>Para m\u00e1s informaci\u00f3n sobre\u00a0<a href=\"https:\/\/support.mozilla.org\/es\/kb\/habilitar-y-deshabilitar-cookies-que-los-sitios-we\" rel=\"nofollow noopener\" target=\"_blank\">Mozilla Firefox<\/a>.<\/p><p>Para ajustar los permisos relacionados con las \u2018cookies\u2019 en el navegador\u00a0<a href=\"https:\/\/support.microsoft.com\/es-es\/help\/17442\/windows-internet-explorer-delete-manage-cookies\" rel=\"nofollow noopener\" target=\"_blank\">Internet Explorer 9<\/a>.<\/p><p><strong>Cambios en la pol\u00edtica de cookies<\/strong><\/p><p>Es posible que la presente Pol\u00edtica de Cookies sufra modificaciones en un futuro, por ello es aconsejable que cada vez que el usuario acceda a esta p\u00e1gina web, consulte nuevamente esta pol\u00edtica con el objetivo de estar informado adecuadamente sobre las actualizaciones que se han producido.<\/p><p><strong>Contacto<\/strong><\/p><p>Si tiene cualquier duda, comentario o sugerencia sobre nuestra Pol\u00edtica de Cookies, no dude en ponerse en contacto con nosotros a trav\u00e9s de la siguiente direcci\u00f3n de correo electr\u00f3nico klockner@klockner.es<\/p>\t\t\t\t\t\t\t\t<\/div>\n\t\t\t\t<\/div>\n\t\t\t\t\t<\/div>\n\t\t<\/div>\n\t\t\t\t\t<\/div>\n\t\t<\/section>\n\t\t\t\t<\/div>\n\t\t","protected":false},"excerpt":{"rendered":"<p>POL\u00cdTICA DE COOKIES POL\u00cdTICA DE COOKIES: Nuestro sitio web\u00a0www.klockner.es\u00a0utiliza una tecnolog\u00eda denominada \u201ccookies\u201d con la finalidad de poder recabar informaci\u00f3n acerca del uso que realiza el usuario de la p\u00e1gina web con el objetivo de analizar sus h\u00e1bitos de navegaci\u00f3n para as\u00ed facilitarle la misma y poder distinguirlo de otros usuarios. En cumplimiento con lo [&hellip;]<\/p>\n","protected":false},"author":1,"featured_media":0,"parent":0,"menu_order":0,"comment_status":"closed","ping_status":"closed","template":"","meta":{"site-sidebar-layout":"no-sidebar","site-content-layout":"page-builder","ast-site-content-layout":"default","site-content-style":"default","site-sidebar-style":"default","ast-global-header-display":"","ast-banner-title-visibility":"","ast-main-header-display":"","ast-hfb-above-header-display":"","ast-hfb-below-header-display":"","ast-hfb-mobile-header-display":"","site-post-title":"disabled","ast-breadcrumbs-content":"","ast-featured-img":"disabled","footer-sml-layout":"","ast-disable-related-posts":"","theme-transparent-header-meta":"","adv-header-id-meta":"","stick-header-meta":"","header-above-stick-meta":"","header-main-stick-meta":"","header-below-stick-meta":"","astra-migrate-meta-layouts":"default","ast-page-background-enabled":"default","ast-page-background-meta":{"desktop":{"background-color":"var(--ast-global-color-4)","background-image":"","background-repeat":"repeat","background-position":"center center","background-size":"auto","background-attachment":"scroll","background-type":"","background-media":"","overlay-type":"","overlay-color":"","overlay-opacity":"","overlay-gradient":""},"tablet":{"background-color":"","background-image":"","background-repeat":"repeat","background-position":"center center","background-size":"auto","background-attachment":"scroll","background-type":"","background-media":"","overlay-type":"","overlay-color":"","overlay-opacity":"","overlay-gradient":""},"mobile":{"background-color":"","background-image":"","background-repeat":"repeat","background-position":"center center","background-size":"auto","background-attachment":"scroll","background-type":"","background-media":"","overlay-type":"","overlay-color":"","overlay-opacity":"","overlay-gradient":""}},"ast-content-background-meta":{"desktop":{"background-color":"var(--ast-global-color-5)","background-image":"","background-repeat":"repeat","background-position":"center center","background-size":"auto","background-attachment":"scroll","background-type":"","background-media":"","overlay-type":"","overlay-color":"","overlay-opacity":"","overlay-gradient":""},"tablet":{"background-color":"var(--ast-global-color-5)","background-image":"","background-repeat":"repeat","background-position":"center center","background-size":"auto","background-attachment":"scroll","background-type":"","background-media":"","overlay-type":"","overlay-color":"","overlay-opacity":"","overlay-gradient":""},"mobile":{"background-color":"var(--ast-global-color-5)","background-image":"","background-repeat":"repeat","background-position":"center center","background-size":"auto","background-attachment":"scroll","background-type":"","background-media":"","overlay-type":"","overlay-color":"","overlay-opacity":"","overlay-gradient":""}},"footnotes":""},"class_list":["post-557","page","type-page","status-publish","hentry"],"_links":{"self":[{"href":"https:\/\/klockner.es\/es\/wp-json\/wp\/v2\/pages\/557","targetHints":{"allow":["GET"]}}],"collection":[{"href":"https:\/\/klockner.es\/es\/wp-json\/wp\/v2\/pages"}],"about":[{"href":"https:\/\/klockner.es\/es\/wp-json\/wp\/v2\/types\/page"}],"author":[{"embeddable":true,"href":"https:\/\/klockner.es\/es\/wp-json\/wp\/v2\/users\/1"}],"replies":[{"embeddable":true,"href":"https:\/\/klockner.es\/es\/wp-json\/wp\/v2\/comments?post=557"}],"version-history":[{"count":0,"href":"https:\/\/klockner.es\/es\/wp-json\/wp\/v2\/pages\/557\/revisions"}],"wp:attachment":[{"href":"https:\/\/klockner.es\/es\/wp-json\/wp\/v2\/media?parent=557"}],"curies":[{"name":"wp","href":"https:\/\/api.w.org\/{rel}","templated":true}]}}