{"id":552,"date":"2022-03-30T14:13:53","date_gmt":"2022-03-30T14:13:53","guid":{"rendered":"https:\/\/klockner.es\/?page_id=552"},"modified":"2022-11-15T10:07:53","modified_gmt":"2022-11-15T10:07:53","slug":"aviso_legal","status":"publish","type":"page","link":"https:\/\/klockner.es\/es\/aviso_legal\/","title":{"rendered":"Aviso Legal"},"content":{"rendered":"\t\t<div data-elementor-type=\"wp-page\" data-elementor-id=\"552\" class=\"elementor elementor-552\" data-elementor-post-type=\"page\">\n\t\t\t\t\t\t<section class=\"elementor-section elementor-top-section elementor-element elementor-element-320d92d elementor-section-boxed elementor-section-height-default elementor-section-height-default\" data-id=\"320d92d\" data-element_type=\"section\" data-e-type=\"section\" data-settings=\"{&quot;background_background&quot;:&quot;classic&quot;,&quot;_ob_glider_is_slider&quot;:&quot;no&quot;}\">\n\t\t\t\t\t\t<div class=\"elementor-container elementor-column-gap-default\">\n\t\t\t\t\t<div class=\"elementor-column elementor-col-100 elementor-top-column elementor-element elementor-element-575da41\" data-id=\"575da41\" data-element_type=\"column\" data-e-type=\"column\" data-settings=\"{&quot;background_background&quot;:&quot;classic&quot;,&quot;_ob_column_hoveranimator&quot;:&quot;no&quot;,&quot;_ob_column_has_pseudo&quot;:&quot;no&quot;}\">\n\t\t\t<div class=\"elementor-widget-wrap elementor-element-populated\">\n\t\t\t\t\t\t<div class=\"elementor-element elementor-element-cbddaf5 ob-harakiri-inherit ob-has-background-overlay elementor-widget elementor-widget-heading\" data-id=\"cbddaf5\" data-element_type=\"widget\" data-e-type=\"widget\" data-settings=\"{&quot;_ob_use_harakiri&quot;:&quot;yes&quot;,&quot;_ob_harakiri_writing_mode&quot;:&quot;inherit&quot;,&quot;_ob_harakiri_text_clip&quot;:&quot;none&quot;,&quot;_ob_widget_stalker_use&quot;:&quot;no&quot;,&quot;_ob_poopart_use&quot;:&quot;yes&quot;,&quot;_ob_shadough_use&quot;:&quot;no&quot;,&quot;_ob_allow_hoveranimator&quot;:&quot;no&quot;}\" data-widget_type=\"heading.default\">\n\t\t\t\t<div class=\"elementor-widget-container\">\n\t\t\t\t\t<h1 class=\"elementor-heading-title elementor-size-default\">AVISO LEGAL Y CONDICIONES GENERALES DE USO<\/h1>\t\t\t\t<\/div>\n\t\t\t\t<\/div>\n\t\t\t\t<div class=\"elementor-element elementor-element-643c11f ob-harakiri-inherit ob-has-background-overlay elementor-widget elementor-widget-text-editor\" data-id=\"643c11f\" data-element_type=\"widget\" data-e-type=\"widget\" data-settings=\"{&quot;_ob_use_harakiri&quot;:&quot;yes&quot;,&quot;_ob_harakiri_writing_mode&quot;:&quot;inherit&quot;,&quot;_ob_postman_use&quot;:&quot;no&quot;,&quot;_ob_widget_stalker_use&quot;:&quot;no&quot;,&quot;_ob_poopart_use&quot;:&quot;yes&quot;,&quot;_ob_shadough_use&quot;:&quot;no&quot;,&quot;_ob_allow_hoveranimator&quot;:&quot;no&quot;}\" data-widget_type=\"text-editor.default\">\n\t\t\t\t<div class=\"elementor-widget-container\">\n\t\t\t\t\t\t\t\t\t<p>Klockner SA, responsable de este sitio web, pone a disposici\u00f3n de los usuarios de Internet el presente documento, cuya finalidad es cumplir las obligaciones establecidas en la\u00a0<a href=\"http:\/\/app.vlex.com\/#vid\/172670\" rel=\"nofollow noopener\" target=\"_blank\">Ley 34\/2002, de 11 de junio, de Servicios de la Sociedad de la Informaci\u00f3n y de Comercio Electr\u00f3nico (LSSICE)<\/a>\u00a0y dem\u00e1s normativa aplicable, as\u00ed como proporcionar informaci\u00f3n sobre las condiciones de uso.<\/p><p><strong>I.- Informaci\u00f3n legal y aceptaci\u00f3n.<\/strong><\/p><p>Las presentes Condiciones Generales regulan el uso de la p\u00e1gina web integrante del sitio web que Klockner SA pone a disposici\u00f3n de los Usuarios de Internet. Toda persona que acceda al sitio web acepta, sin reserva alguna, las Condiciones Generales vigentes en cada momento en que acceda al mismo. \u00a0<\/p><p>En consecuencia, el Usuario debe leer con atenci\u00f3n las Condiciones Generales cada vez que se proponga hacer uso del sitio web de Klockner SA.<\/p><p>En cualquier caso, Klockner SA se reserva el derecho de modificar, en cualquier momento y sin necesidad de previo aviso, la presentaci\u00f3n y configuraci\u00f3n del sitio web, as\u00ed como las presentes Condiciones Generales.<\/p><p><strong>II.- Identificaci\u00f3n y raz\u00f3n social de la empresa.<\/strong><\/p><p>El titular de este sitio web es Klockner S.A., con NIF n\u00fam. A58325549, domicilio social en Paseo de la Castellana, 77, 28046 Madrid, Espa\u00f1a, e inscrito en el Registro Mercantil de Madrid, en el Tomo 36616 Folio 1, Hoja n\u00ba M-656977.<\/p><p>Vd. puede contactar con Klockner SA mediante correo electr\u00f3nico a trav\u00e9s de la siguiente direcci\u00f3n: klockner@klockner.es<\/p><p><strong>III.- Usuarios.<\/strong><\/p><p>Toda persona, ya sea f\u00edsica o jur\u00eddica, que acceda, navegue, utilice o participe en los servicios y actividades, gratuitas u onerosas, desarrolladas mediante esta p\u00e1gina web asume la condici\u00f3n de USUARIO, y como tal, a trav\u00e9s de dicho acceso, se compromete a la observancia y riguroso cumplimiento de las disposiciones aqu\u00ed presentes, as\u00ed como a cualquier otra disposici\u00f3n legal que resulte de aplicaci\u00f3n, oblig\u00e1ndose as\u00ed a hacer un uso correcto del sitio web. El usuario responder\u00e1 frente a Klockner SA o frente a terceros, de cualesquiera da\u00f1os y perjuicios que pudieran causarse como consecuencia del incumplimiento de dicha obligaci\u00f3n.<\/p><p><strong>IV.- Modificaciones.<\/strong><\/p><p>Klockner SA se reserva el derecho de realizar unilateralmente las modificaciones que estime pertinentes en su portal, pudiendo cambiar, suprimir o a\u00f1adir tanto los contenidos como los servicios que se presten a trav\u00e9s del mismo, sin que exista obligaci\u00f3n de preavisar o poner en conocimiento de los usuarios dichas modificaciones, entendi\u00e9ndose como suficiente con la publicaci\u00f3n en el sitio web del prestador.<\/p><p>La duraci\u00f3n de la prestaci\u00f3n del servicio del portal se limita al momento en que el usuario est\u00e9 conectado al sitio web o a alguno de los servicios que \u00e9ste proporciona. Por ello, el usuario, en cada ocasi\u00f3n que pretenda utilizar el portal, debe leer detenidamente este Aviso Legal, ya que el mismo y sus respectivas condiciones de uso pueden verse alteradas en cualquier momento. Por tanto, la vigencia de las citadas condiciones variar\u00e1 en funci\u00f3n de su exposici\u00f3n y se mantendr\u00e1 mientras est\u00e9n debidamente publicadas, hasta que se vean sustituidas por otras.<\/p><p><strong>V.- Condiciones de uso del sitio web.<\/strong><\/p><p>Las presentes condiciones de uso y navegaci\u00f3n tienen como finalidad regular la relaci\u00f3n entre el titular de la p\u00e1gina web, Klockner SA, como prestador del servicio, y los usuarios que acceden, navegan y disfrutan del servicio ofrecido.<\/p><p><a href=\"http:\/\/www.klockner.es\/\">www.klockner.es<\/a>\u00a0proporciona el acceso libre y gratuito a gran cantidad de informaci\u00f3n, servicios y datos (en adelante, \u201clos contenidos\u201d), cuya propiedad pertenece a Klockner SA o a sus licenciantes a los que el usuario puede tener acceso.<\/p><p>El usuario asume la responsabilidad del uso adecuado del portal de conformidad con la Ley y las presentes condiciones, responsabilidad que se extiende al registro necesario para acceder a determinados servicios y contenidos que se prestan. Dicho registro conlleva la cumplimentaci\u00f3n del correspondiente formulario, en el cual el usuario garantiza la autenticidad y actualidad de todos aquellos datos que comunique y se compromete a no proporcionar informaci\u00f3n o documentaci\u00f3n falsa, fraudulenta o il\u00edcita. A ra\u00edz del mismo puede surgir la creaci\u00f3n de una contrase\u00f1a que el usuario deber\u00e1 conservar diligentemente y de manera confidencial. El usuario ser\u00e1 el \u00fanico responsable de las manifestaciones falsas o inexactas que realice y de los perjuicios que cause a Klockner SA o a terceros por la informaci\u00f3n que facilite.<\/p><p>El usuario se compromete expresamente a hacer un adecuado uso de los contenidos y servicios www.klockner.es ofrece, conforme a lo establecido en la ley, la moral, el orden p\u00fablico y las presentes condiciones y, con car\u00e1cter enunciativo, pero no limitativo, a no emplearlos para:<\/p><ul><li>Difundir contenidos delictivos, violentos, pornogr\u00e1ficos, racistas, xen\u00f3fobos, ofensivos, de apolog\u00eda al terrorismo, que atenten contra los derechos humanos o, en general, contrarios a la ley o al orden p\u00fablico.<\/li><li>Introducir intencionadamente en la red virus inform\u00e1ticos o realizar actuaciones susceptibles de alterar, estropear, interrumpir o generar errores o da\u00f1os en los sistemas f\u00edsicos y l\u00f3gicos de Klockner SA creadora del sitio web, o de terceras personas; as\u00ed como obstaculizar el acceso de otros usuarios al sitio web y a sus servicios mediante el consumo masivo de los recursos inform\u00e1ticos a trav\u00e9s de los cuales Klockner SA presta sus servicios.<\/li><li>Intentar acceder a las cuentas de correo electr\u00f3nico de otros usuarios o a \u00e1reas restringidas de los sistemas inform\u00e1ticos de Klockner SA o de terceros y, en su caso, extraer informaci\u00f3n.<\/li><li>Vulnerar los derechos de propiedad intelectual o industrial, as\u00ed como difundir, transmitir o poner a disposici\u00f3n de terceros cualquier tipo de informaci\u00f3n, elemento o contenido que suponga una violaci\u00f3n del secreto de las comunicaciones y la legislaci\u00f3n sobre protecci\u00f3n de datos de car\u00e1cter personal.<\/li><li>Suplantar la identidad de otro usuario, de las administraciones p\u00fablicas o de un tercero, utilizando sus claves de registro a los distintos servicios y\/o contenidos del sitio web.<\/li><li>Reproducir, copiar, distribuir, poner a disposici\u00f3n o de cualquier otra forma comunicar p\u00fablicamente, transformar o modificar los contenidos, a menos que se cuente con la autorizaci\u00f3n del titular de los correspondientes derechos de explotaci\u00f3n o ello resulte legalmente permitido.<\/li><li>Recabar datos con finalidad publicitaria y remitir publicidad de cualquier clase y comunicaciones con fines de venta u otra de naturaleza comercial sin que medie previa solicitud o consentimiento.<\/li><\/ul><p>Cualquier incumplimiento de las cl\u00e1usulas contenidas en el presente sitio web (Aviso Legal, Pol\u00edtica de Privacidad, Pol\u00edtica de Cookies, as\u00ed como otros contenidos que supongan obligaciones para el usuario) y en general de la legalidad vigente en Espa\u00f1a, se comunicar\u00e1 inmediatamente por parte de Klockner SA a las autoridades pertinentes, comprometi\u00e9ndose \u00e9sta a cooperar con las mismas. En tal caso, el usuario responder\u00e1 frente a Klockner SA o frente a terceros, de cualesquiera da\u00f1os y perjuicios que pudieran causarse como consecuencia del incumplimiento de estas obligaciones.<\/p><p>Klockner SA no garantiza que su p\u00e1gina web cumpla, total o parcialmente, con las legislaciones de otros pa\u00edses. Por tanto, si el usuario reside o se encuentra domiciliado en cualquier otro lugar que no sea Espa\u00f1a, y decide acceder y\/o navegar en el presente sitio web, lo har\u00e1 bajo su propia responsabilidad y riesgo, debiendo asegurarse de que tal acceso y\/o navegaci\u00f3n cumple con la legislaci\u00f3n local aplicable en su caso.<\/p><p>Klockner SA no se hace responsable de ning\u00fan da\u00f1o o p\u00e9rdida que se derive de un ataque de denegaci\u00f3n de servicio, virus o cualquier otro programa o material tecnol\u00f3gicamente perjudicial que pueda afectar a su ordenador, equipo inform\u00e1tico, datos o materiales como consecuencia del uso de esta p\u00e1gina web o de la descarga de contenidos de la misma o a los que la misma redireccione.<\/p><p><strong>VI.- Limitaci\u00f3n de la responsabilidad.<\/strong><\/p><p>El acceso al sitio web no implica la obligaci\u00f3n por parte de Klockner SA de comprobar la veracidad, exactitud, adecuaci\u00f3n, idoneidad, exhaustividad y actualidad de la informaci\u00f3n suministrada a trav\u00e9s del mismo.<\/p><p>Klockner SA, sus socios, colaboradores, empleados y representantes no se responsabilizan de los errores u omisiones de los que pudieran adolecer los contenidos de este sitio web u otros contenidos a los que se pueda acceder a trav\u00e9s de la misma. Tampoco Klockner SA, sus socios, colaboradores, empleados y representantes podr\u00e1n ser considerados responsables por cualesquiera da\u00f1os derivados de la utilizaci\u00f3n de este sitio web, ni por cualquier actuaci\u00f3n realizada sobre la base de la informaci\u00f3n que en ella se facilita.<\/p><p>Klockner SA adopta las medidas de seguridad adecuadas para poder detectar la existencia de virus. No obstante, el usuario debe ser consciente de que las medidas de seguridad de los sistemas inform\u00e1ticos de Internet no son plenamente fiables, no pudiendo garantizar la inexistencia de virus u otros elementos que puedan producir alteraciones en los sistemas inform\u00e1ticos del usuario o en sus documentos electr\u00f3nicos o ficheros contenidos en los mismos.<\/p><p><strong>VII.- Condiciones de acceso del Usuario.<\/strong><\/p><p>El usuario se obliga a usar la informaci\u00f3n contenida en la web para sus propias necesidades exclusivamente y a no realizar directa o indirectamente una explotaci\u00f3n comercial de los servicios a los que tiene acceso.<\/p><p>El usuario de la web tendr\u00e1 derecho al acceso libre y gratuito de la informaci\u00f3n p\u00fablica recogida en la misma, si bien Klockner SA se reserva el derecho a restringir determinados servicios a sus clientes, quienes previamente se hayan registrado.<\/p><p><strong>VIII.- Notificaciones.<\/strong><\/p><p>Todas las notificaciones y comunicaciones entre los usuarios y Klockner SA se considerar\u00e1n eficaces, a todos los efectos, cuando se realicen a trav\u00e9s de correo postal, correo electr\u00f3nico o comunicaci\u00f3n telef\u00f3nica. Los usuarios deber\u00e1n dirigirse a Klockner SA mediante:<\/p><p>a) Env\u00edo por correo postal a la siguiente direcci\u00f3n: Paseo de la Castellana, 77, 28046 Madrid, Espa\u00f1a<\/p><p>b) Env\u00edo por correo electr\u00f3nico a la siguiente direcci\u00f3n: klockner@klockner.es<\/p><p>Mediante el uso de esta p\u00e1gina web, el usuario acepta impl\u00edcitamente que la mayor parte de las comunicaciones se realizar\u00e1n por v\u00eda electr\u00f3nica. A efectos contractuales, el usuario consiente usar este medio electr\u00f3nico de comunicaci\u00f3n y reconoce que toda comunicaci\u00f3n que se le env\u00ede de forma electr\u00f3nica cumple con los requisitos legales.<\/p><p><strong>IX.- Protecci\u00f3n de datos de car\u00e1cter personal.<\/strong><\/p><p>El titular de la p\u00e1gina web se compromete a tratar los datos personales del usuario de conformidad con lo establecido en la legislaci\u00f3n vigente en la materia. Concretamente, se compromete a aplicar lo dispuesto en la\u00a0<a href=\"http:\/\/app.vlex.com\/#vid\/127398\" rel=\"nofollow noopener\" target=\"_blank\">LO 3\/2018<\/a>\u00a0de 5 de diciembre, de Protecci\u00f3n de Datos de Car\u00e1cter Personal y Garant\u00eda de Derechos Digitales, en el Real Decreto 1720\/2007, de 19 de enero, por el que se aprueba el Reglamento de desarrollo de la\u00a0<a href=\"http:\/\/app.vlex.com\/#vid\/127398\" rel=\"nofollow noopener\" target=\"_blank\">LOPD<\/a>\u00a0y en el Reglamento (UE) 2016\/679 del Parlamento Europeo y del Consejo de 27 de abril de 2016.<\/p><p>Para m\u00e1s informaci\u00f3n sobre el tratamiento de sus datos personales en el portal, dir\u00edjase a la Pol\u00edtica de Privacidad.<\/p><p><strong>X.- Propiedad intelectual e industrial.<\/strong><\/p><p>Todos los contenidos del sitio web, entre otros, textos, fotograf\u00edas, gr\u00e1ficos, im\u00e1genes, iconos, tecnolog\u00eda, software, links y dem\u00e1s contenidos audiovisuales, as\u00ed como su dise\u00f1o gr\u00e1fico y c\u00f3digos fuente, constituyen una obra cuya propiedad pertenece a Klockner SA, sin que puedan entenderse cedidos al usuario ninguno de los derechos de explotaci\u00f3n sobre los mismos m\u00e1s all\u00e1 de lo estrictamente necesario para el correcto uso de la web, y con independencia de que sean susceptibles o no de propiedad intelectual.<\/p><p>Asimismo, todas las marcas, nombres comerciales o signos distintivos de cualquier clase que aparecen en el sitio web son propiedad de Klockner SA, sin que pueda entenderse que el uso o acceso al mismo atribuya al usuario derecho alguno sobre los mismos.<\/p><p>Queda prohibida la reproducci\u00f3n total o parcial, explotaci\u00f3n, distribuci\u00f3n, modificaci\u00f3n, cesi\u00f3n o comunicaci\u00f3n p\u00fablica de los contenidos y cualquier otro acto que no haya sido expresamente autorizado por el titular de los derechos de explotaci\u00f3n. Cualquier uso no autorizado previamente se considera un incumplimiento grave de los derechos de propiedad intelectual o industrial del autor.<\/p><p>Para realizar cualquier tipo de observaci\u00f3n respecto a posibles incumplimientos de los derechos de propiedad intelectual o industrial, as\u00ed como sobre cualquiera de los contenidos del sitio web, el usuario deber\u00e1 notificar dicha circunstancia a Klockner SA adjuntando la informaci\u00f3n pertinente.<\/p><p>En cualquier caso, Klockner SA no asume responsabilidad alguna respecto de los derechos de propiedad intelectual o industrial titularidad de terceros que se vean infringidos por un tercero o por el usuario.<\/p><p><strong>XI.- Enlaces.<\/strong><\/p><p>El sitio web de Klockner SA puede contener enlaces o hiperv\u00ednculos a otros sitios de Internet, respecto a los cuales no ejerce ning\u00fan tipo de control. Por tanto, una vez que el usuario acceda a los enlaces de terceros y abandone el sitio web, tanto el presente Aviso Legal, como la Pol\u00edtica de Privacidad y la Pol\u00edtica de Cookies dejar\u00e1n de surtir efecto, ya que los sitios web a los que el usuario acceda est\u00e1n sujetos a sus propias pol\u00edticas.<\/p><p>Klockner SA no puede asumir responsabilidad alguna por el contenido que pueda aparecer en p\u00e1ginas de terceros, ni garantiza la disponibilidad t\u00e9cnica, calidad, fiabilidad, exactitud, amplitud, veracidad, validez y constitucionalidad de cualquier material o informaci\u00f3n contenida en ninguno de dichos enlaces o hiperv\u00ednculos. Asimismo, la inclusi\u00f3n de estas conexiones externas a sitios web ajenos no implica ning\u00fan tipo de asociaci\u00f3n, fusi\u00f3n o participaci\u00f3n con las entidades conectadas.<\/p><p><strong>XII.- Ley aplicable y jurisdicci\u00f3n.<\/strong><\/p><p>Las relaciones establecidas entre Klockner SA, titular de la p\u00e1gina web, y el usuario se regir\u00e1 por la normativa espa\u00f1ola vigente y la resoluci\u00f3n de cualquier posible controversia que pueda surgir quedar\u00e1 sometida a los Juzgados y tribunales de la ciudad de Barcelona.<\/p>\t\t\t\t\t\t\t\t<\/div>\n\t\t\t\t<\/div>\n\t\t\t\t\t<\/div>\n\t\t<\/div>\n\t\t\t\t\t<\/div>\n\t\t<\/section>\n\t\t\t\t<\/div>\n\t\t","protected":false},"excerpt":{"rendered":"<p>AVISO LEGAL Y CONDICIONES GENERALES DE USO Klockner SA, responsable de este sitio web, pone a disposici\u00f3n de los usuarios de Internet el presente documento, cuya finalidad es cumplir las obligaciones establecidas en la\u00a0Ley 34\/2002, de 11 de junio, de Servicios de la Sociedad de la Informaci\u00f3n y de Comercio Electr\u00f3nico (LSSICE)\u00a0y dem\u00e1s normativa aplicable, [&hellip;]<\/p>\n","protected":false},"author":1,"featured_media":0,"parent":0,"menu_order":0,"comment_status":"closed","ping_status":"closed","template":"","meta":{"site-sidebar-layout":"no-sidebar","site-content-layout":"page-builder","ast-site-content-layout":"default","site-content-style":"default","site-sidebar-style":"default","ast-global-header-display":"","ast-banner-title-visibility":"","ast-main-header-display":"","ast-hfb-above-header-display":"","ast-hfb-below-header-display":"","ast-hfb-mobile-header-display":"","site-post-title":"disabled","ast-breadcrumbs-content":"","ast-featured-img":"disabled","footer-sml-layout":"","ast-disable-related-posts":"","theme-transparent-header-meta":"","adv-header-id-meta":"","stick-header-meta":"","header-above-stick-meta":"","header-main-stick-meta":"","header-below-stick-meta":"","astra-migrate-meta-layouts":"default","ast-page-background-enabled":"default","ast-page-background-meta":{"desktop":{"background-color":"var(--ast-global-color-4)","background-image":"","background-repeat":"repeat","background-position":"center center","background-size":"auto","background-attachment":"scroll","background-type":"","background-media":"","overlay-type":"","overlay-color":"","overlay-opacity":"","overlay-gradient":""},"tablet":{"background-color":"","background-image":"","background-repeat":"repeat","background-position":"center center","background-size":"auto","background-attachment":"scroll","background-type":"","background-media":"","overlay-type":"","overlay-color":"","overlay-opacity":"","overlay-gradient":""},"mobile":{"background-color":"","background-image":"","background-repeat":"repeat","background-position":"center center","background-size":"auto","background-attachment":"scroll","background-type":"","background-media":"","overlay-type":"","overlay-color":"","overlay-opacity":"","overlay-gradient":""}},"ast-content-background-meta":{"desktop":{"background-color":"var(--ast-global-color-5)","background-image":"","background-repeat":"repeat","background-position":"center center","background-size":"auto","background-attachment":"scroll","background-type":"","background-media":"","overlay-type":"","overlay-color":"","overlay-opacity":"","overlay-gradient":""},"tablet":{"background-color":"var(--ast-global-color-5)","background-image":"","background-repeat":"repeat","background-position":"center center","background-size":"auto","background-attachment":"scroll","background-type":"","background-media":"","overlay-type":"","overlay-color":"","overlay-opacity":"","overlay-gradient":""},"mobile":{"background-color":"var(--ast-global-color-5)","background-image":"","background-repeat":"repeat","background-position":"center center","background-size":"auto","background-attachment":"scroll","background-type":"","background-media":"","overlay-type":"","overlay-color":"","overlay-opacity":"","overlay-gradient":""}},"footnotes":""},"class_list":["post-552","page","type-page","status-publish","hentry"],"_links":{"self":[{"href":"https:\/\/klockner.es\/es\/wp-json\/wp\/v2\/pages\/552","targetHints":{"allow":["GET"]}}],"collection":[{"href":"https:\/\/klockner.es\/es\/wp-json\/wp\/v2\/pages"}],"about":[{"href":"https:\/\/klockner.es\/es\/wp-json\/wp\/v2\/types\/page"}],"author":[{"embeddable":true,"href":"https:\/\/klockner.es\/es\/wp-json\/wp\/v2\/users\/1"}],"replies":[{"embeddable":true,"href":"https:\/\/klockner.es\/es\/wp-json\/wp\/v2\/comments?post=552"}],"version-history":[{"count":4,"href":"https:\/\/klockner.es\/es\/wp-json\/wp\/v2\/pages\/552\/revisions"}],"predecessor-version":[{"id":6789,"href":"https:\/\/klockner.es\/es\/wp-json\/wp\/v2\/pages\/552\/revisions\/6789"}],"wp:attachment":[{"href":"https:\/\/klockner.es\/es\/wp-json\/wp\/v2\/media?parent=552"}],"curies":[{"name":"wp","href":"https:\/\/api.w.org\/{rel}","templated":true}]}}